{"id":334,"date":"2022-08-23T16:10:23","date_gmt":"2022-08-23T16:10:23","guid":{"rendered":"https:\/\/guneydent.com\/wp\/?page_id=334"},"modified":"2023-05-12T10:37:18","modified_gmt":"2023-05-12T10:37:18","slug":"periodontoloji","status":"publish","type":"page","link":"https:\/\/guneydent.com\/?page_id=334&lang=tr","title":{"rendered":"Periodontoloji"},"content":{"rendered":"\t\t<div data-elementor-type=\"wp-page\" data-elementor-id=\"334\" class=\"elementor elementor-334\" data-elementor-post-type=\"page\">\n\t\t\t\t\t\t<section class=\"elementor-section elementor-top-section elementor-element elementor-element-d9081b4 elementor-section-full_width elementor-section-height-min-height elementor-section-height-default elementor-section-items-middle\" data-id=\"d9081b4\" data-element_type=\"section\" data-settings=\"{&quot;background_background&quot;:&quot;classic&quot;}\">\n\t\t\t\t\t\t<div class=\"elementor-container elementor-column-gap-default\">\n\t\t\t\t\t<div class=\"elementor-column elementor-col-100 elementor-top-column elementor-element elementor-element-c8deb91\" data-id=\"c8deb91\" data-element_type=\"column\">\n\t\t\t<div class=\"elementor-widget-wrap\">\n\t\t\t\t\t\t\t<\/div>\n\t\t<\/div>\n\t\t\t\t\t<\/div>\n\t\t<\/section>\n\t\t\t\t<section class=\"elementor-section elementor-top-section elementor-element elementor-element-4a286cf elementor-section-boxed elementor-section-height-default elementor-section-height-default\" data-id=\"4a286cf\" data-element_type=\"section\">\n\t\t\t\t\t\t<div class=\"elementor-container elementor-column-gap-default\">\n\t\t\t\t\t<div class=\"elementor-column elementor-col-100 elementor-top-column elementor-element elementor-element-3977782\" data-id=\"3977782\" data-element_type=\"column\" data-settings=\"{&quot;background_background&quot;:&quot;gradient&quot;}\">\n\t\t\t<div class=\"elementor-widget-wrap\">\n\t\t\t\t\t\t\t<\/div>\n\t\t<\/div>\n\t\t\t\t\t<\/div>\n\t\t<\/section>\n\t\t\t\t<section class=\"elementor-section elementor-top-section elementor-element elementor-element-2602c05 elementor-section-boxed elementor-section-height-default elementor-section-height-default\" data-id=\"2602c05\" data-element_type=\"section\">\n\t\t\t\t\t\t<div class=\"elementor-container elementor-column-gap-default\">\n\t\t\t\t\t<div class=\"elementor-column elementor-col-50 elementor-top-column elementor-element elementor-element-656b500\" data-id=\"656b500\" data-element_type=\"column\">\n\t\t\t<div class=\"elementor-widget-wrap elementor-element-populated\">\n\t\t\t\t\t\t<div class=\"elementor-element elementor-element-c2ffe50 elementor-widget elementor-widget-heading\" data-id=\"c2ffe50\" data-element_type=\"widget\" data-widget_type=\"heading.default\">\n\t\t\t\t<div class=\"elementor-widget-container\">\n\t\t\t\t\t<h2 class=\"elementor-heading-title elementor-size-default\">Periodontoloji<\/h2>\t\t\t\t<\/div>\n\t\t\t\t<\/div>\n\t\t\t\t<div class=\"elementor-element elementor-element-8920319 elementor-widget elementor-widget-text-editor\" data-id=\"8920319\" data-element_type=\"widget\" data-widget_type=\"text-editor.default\">\n\t\t\t\t<div class=\"elementor-widget-container\">\n\t\t\t\t\t\t\t\t\t<p>Periodontoloji, di\u015fi \u00e7evreleyen di\u015f eti ve di\u011fer destek dokularla ilgili hastal\u0131klar\u0131n tedavisi ve bunlar\u0131n \u00f6nlenmesi ile ilgili bilim dal\u0131d\u0131r.<\/p><p>Di\u015feti hastal\u0131\u011f\u0131 klinik ve radyografik muayene sonucu kolayl\u0131kla tespit edilmekte ve mevcut hastal\u0131k durumuna g\u00f6re tedavi plan\u0131 \u015fekillendirilebilmektedir. Tedavisi ba\u015far\u0131 ile sonu\u00e7alanan hastalar 3\u00ad6 ayl\u0131k kontroller ile takip edilir. Hastalar taraf\u0131ndan genelde k\u00f6t\u00fc a\u011f\u0131z kokusu ve di\u015feti kanamalar\u0131 gibi \u015fikayetlerle farkedilir.<\/p><p>Genellikle a\u011f\u0131zdaki plak ve di\u015fta\u015f\u0131 etkisiyle ba\u015flayan di\u015feti hastal\u0131klar\u0131 bazen sadece di\u015fta\u015f\u0131 temizli\u011fi ve k\u00f6k y\u00fczeyindeki birikintilerin uzakla\u015ft\u0131r\u0131lmas\u0131 ile kolayl\u0131kla tedavi edilebildi\u011fi gibi baz\u0131 vakalarda yumu\u015fak ve sert dokular\u0131 ilgilendiren ileri cerrahi tedavilere ihtiya\u00e7 duyulabilmektedir.<\/p><p>A\u011f\u0131z ve di\u015f sa\u011fl\u0131\u011f\u0131nda di\u015fler kadar di\u015f etleri de \u00f6nemli bir yer tutar.<\/p>\t\t\t\t\t\t\t\t<\/div>\n\t\t\t\t<\/div>\n\t\t\t\t\t<\/div>\n\t\t<\/div>\n\t\t\t\t<div class=\"elementor-column elementor-col-50 elementor-top-column elementor-element elementor-element-b36ee2f\" data-id=\"b36ee2f\" data-element_type=\"column\">\n\t\t\t<div class=\"elementor-widget-wrap elementor-element-populated\">\n\t\t\t\t\t\t<div class=\"elementor-element elementor-element-0e4d7f8 elementor-widget elementor-widget-image\" data-id=\"0e4d7f8\" data-element_type=\"widget\" data-widget_type=\"image.default\">\n\t\t\t\t<div class=\"elementor-widget-container\">\n\t\t\t\t\t\t\t\t\t\t\t\t\t\t\t<img decoding=\"async\" width=\"307\" height=\"146\" src=\"https:\/\/guneydent.com\/wp-content\/uploads\/2022\/08\/tedavi.png\" class=\"attachment-full size-full wp-image-36\" alt=\"\" srcset=\"https:\/\/guneydent.com\/wp-content\/uploads\/2022\/08\/tedavi.png 307w, https:\/\/guneydent.com\/wp-content\/uploads\/2022\/08\/tedavi-300x143.png 300w\" sizes=\"(max-width: 307px) 100vw, 307px\" \/>\t\t\t\t\t\t\t\t\t\t\t\t\t\t\t<\/div>\n\t\t\t\t<\/div>\n\t\t\t\t<div class=\"elementor-element elementor-element-08894d6 elementor-position-left elementor-vertical-align-middle elementor-widget-mobile__width-initial elementor-widget elementor-widget-image-box\" data-id=\"08894d6\" data-element_type=\"widget\" data-widget_type=\"image-box.default\">\n\t\t\t\t<div class=\"elementor-widget-container\">\n\t\t\t\t\t<div class=\"elementor-image-box-wrapper\"><figure class=\"elementor-image-box-img\"><a href=\"https:\/\/guneydent.com\/?page_id=271&#038;lang=tr\" tabindex=\"-1\"><img decoding=\"async\" width=\"160\" height=\"159\" src=\"https:\/\/guneydent.com\/wp-content\/uploads\/2022\/08\/037-tooth-whitening.png\" class=\"attachment-full size-full wp-image-34\" alt=\"\" srcset=\"https:\/\/guneydent.com\/wp-content\/uploads\/2022\/08\/037-tooth-whitening.png 160w, https:\/\/guneydent.com\/wp-content\/uploads\/2022\/08\/037-tooth-whitening-150x150.png 150w, https:\/\/guneydent.com\/wp-content\/uploads\/2022\/08\/037-tooth-whitening-100x100.png 100w, https:\/\/guneydent.com\/wp-content\/uploads\/2022\/08\/037-tooth-whitening-140x140.png 140w\" sizes=\"(max-width: 160px) 100vw, 160px\" \/><\/a><\/figure><div class=\"elementor-image-box-content\"><h3 class=\"elementor-image-box-title\"><a href=\"https:\/\/guneydent.com\/?page_id=271&#038;lang=tr\">Estekik Di\u015f Hekimli\u011fi<\/a><\/h3><\/div><\/div>\t\t\t\t<\/div>\n\t\t\t\t<\/div>\n\t\t\t\t<div class=\"elementor-element elementor-element-a2888d4 elementor-position-left elementor-vertical-align-middle elementor-widget-mobile__width-initial elementor-widget elementor-widget-image-box\" data-id=\"a2888d4\" data-element_type=\"widget\" data-widget_type=\"image-box.default\">\n\t\t\t\t<div class=\"elementor-widget-container\">\n\t\t\t\t\t<div class=\"elementor-image-box-wrapper\"><figure class=\"elementor-image-box-img\"><a href=\"https:\/\/guneydent.com\/?page_id=286&#038;lang=tr\" tabindex=\"-1\"><img decoding=\"async\" width=\"159\" height=\"159\" src=\"https:\/\/guneydent.com\/wp-content\/uploads\/2022\/08\/034-healthy-tooth.png\" class=\"attachment-full size-full wp-image-33\" alt=\"\" srcset=\"https:\/\/guneydent.com\/wp-content\/uploads\/2022\/08\/034-healthy-tooth.png 159w, https:\/\/guneydent.com\/wp-content\/uploads\/2022\/08\/034-healthy-tooth-150x150.png 150w, https:\/\/guneydent.com\/wp-content\/uploads\/2022\/08\/034-healthy-tooth-100x100.png 100w, https:\/\/guneydent.com\/wp-content\/uploads\/2022\/08\/034-healthy-tooth-140x140.png 140w\" sizes=\"(max-width: 159px) 100vw, 159px\" \/><\/a><\/figure><div class=\"elementor-image-box-content\"><h3 class=\"elementor-image-box-title\"><a href=\"https:\/\/guneydent.com\/?page_id=286&#038;lang=tr\">\u0130lk Muayene ve Radyoloji<\/a><\/h3><\/div><\/div>\t\t\t\t<\/div>\n\t\t\t\t<\/div>\n\t\t\t\t<div class=\"elementor-element elementor-element-aa33340 elementor-position-left elementor-vertical-align-middle elementor-widget-mobile__width-initial elementor-widget elementor-widget-image-box\" data-id=\"aa33340\" data-element_type=\"widget\" data-widget_type=\"image-box.default\">\n\t\t\t\t<div class=\"elementor-widget-container\">\n\t\t\t\t\t<div class=\"elementor-image-box-wrapper\"><figure class=\"elementor-image-box-img\"><a href=\"https:\/\/guneydent.com\/?page_id=292&#038;lang=tr\" tabindex=\"-1\"><img loading=\"lazy\" decoding=\"async\" width=\"159\" height=\"159\" src=\"https:\/\/guneydent.com\/wp-content\/uploads\/2022\/08\/041-implant.png\" class=\"attachment-full size-full wp-image-35\" alt=\"\" srcset=\"https:\/\/guneydent.com\/wp-content\/uploads\/2022\/08\/041-implant.png 159w, https:\/\/guneydent.com\/wp-content\/uploads\/2022\/08\/041-implant-150x150.png 150w, https:\/\/guneydent.com\/wp-content\/uploads\/2022\/08\/041-implant-100x100.png 100w, https:\/\/guneydent.com\/wp-content\/uploads\/2022\/08\/041-implant-140x140.png 140w\" sizes=\"(max-width: 159px) 100vw, 159px\" \/><\/a><\/figure><div class=\"elementor-image-box-content\"><h3 class=\"elementor-image-box-title\"><a href=\"https:\/\/guneydent.com\/?page_id=292&#038;lang=tr\">Implantoloji<\/a><\/h3><\/div><\/div>\t\t\t\t<\/div>\n\t\t\t\t<\/div>\n\t\t\t\t<div class=\"elementor-element elementor-element-c2cf099 elementor-position-left elementor-vertical-align-middle elementor-widget-mobile__width-initial elementor-widget elementor-widget-image-box\" data-id=\"c2cf099\" data-element_type=\"widget\" data-widget_type=\"image-box.default\">\n\t\t\t\t<div class=\"elementor-widget-container\">\n\t\t\t\t\t<div class=\"elementor-image-box-wrapper\"><figure class=\"elementor-image-box-img\"><a href=\"https:\/\/guneydent.com\/?page_id=298&#038;lang=tr\" tabindex=\"-1\"><img loading=\"lazy\" decoding=\"async\" width=\"159\" height=\"159\" src=\"https:\/\/guneydent.com\/wp-content\/uploads\/2022\/08\/032-crown.png\" class=\"attachment-full size-full wp-image-32\" alt=\"\" srcset=\"https:\/\/guneydent.com\/wp-content\/uploads\/2022\/08\/032-crown.png 159w, https:\/\/guneydent.com\/wp-content\/uploads\/2022\/08\/032-crown-150x150.png 150w, https:\/\/guneydent.com\/wp-content\/uploads\/2022\/08\/032-crown-100x100.png 100w, https:\/\/guneydent.com\/wp-content\/uploads\/2022\/08\/032-crown-140x140.png 140w\" sizes=\"(max-width: 159px) 100vw, 159px\" \/><\/a><\/figure><div class=\"elementor-image-box-content\"><h3 class=\"elementor-image-box-title\"><a href=\"https:\/\/guneydent.com\/?page_id=298&#038;lang=tr\">Protetik Di\u015f Hekimli\u011fi<\/a><\/h3><\/div><\/div>\t\t\t\t<\/div>\n\t\t\t\t<\/div>\n\t\t\t\t<div class=\"elementor-element elementor-element-8b8ccbc elementor-position-left elementor-vertical-align-middle elementor-widget-mobile__width-initial elementor-widget elementor-widget-image-box\" data-id=\"8b8ccbc\" data-element_type=\"widget\" data-widget_type=\"image-box.default\">\n\t\t\t\t<div class=\"elementor-widget-container\">\n\t\t\t\t\t<div class=\"elementor-image-box-wrapper\"><figure class=\"elementor-image-box-img\"><a href=\"https:\/\/guneydent.com\/?page_id=305&#038;lang=tr\" tabindex=\"-1\"><img loading=\"lazy\" decoding=\"async\" width=\"160\" height=\"159\" src=\"https:\/\/guneydent.com\/wp-content\/uploads\/2022\/08\/dis.png\" class=\"attachment-full size-full wp-image-198\" alt=\"\" srcset=\"https:\/\/guneydent.com\/wp-content\/uploads\/2022\/08\/dis.png 160w, https:\/\/guneydent.com\/wp-content\/uploads\/2022\/08\/dis-150x150.png 150w, https:\/\/guneydent.com\/wp-content\/uploads\/2022\/08\/dis-100x100.png 100w, https:\/\/guneydent.com\/wp-content\/uploads\/2022\/08\/dis-140x140.png 140w\" sizes=\"(max-width: 160px) 100vw, 160px\" \/><\/a><\/figure><div class=\"elementor-image-box-content\"><h3 class=\"elementor-image-box-title\"><a href=\"https:\/\/guneydent.com\/?page_id=305&#038;lang=tr\">Di\u015feti Hastal\u0131klar\u0131 <\/a><\/h3><\/div><\/div>\t\t\t\t<\/div>\n\t\t\t\t<\/div>\n\t\t\t\t<div class=\"elementor-element elementor-element-e579bd5 elementor-position-left elementor-vertical-align-middle elementor-widget-mobile__width-initial elementor-widget elementor-widget-image-box\" data-id=\"e579bd5\" data-element_type=\"widget\" data-widget_type=\"image-box.default\">\n\t\t\t\t<div class=\"elementor-widget-container\">\n\t\t\t\t\t<div class=\"elementor-image-box-wrapper\"><figure class=\"elementor-image-box-img\"><a href=\"https:\/\/guneydent.com\/?page_id=315&#038;lang=tr\" tabindex=\"-1\"><img loading=\"lazy\" decoding=\"async\" width=\"160\" height=\"159\" src=\"https:\/\/guneydent.com\/wp-content\/uploads\/2022\/08\/agiz.png\" class=\"attachment-full size-full wp-image-199\" alt=\"\" srcset=\"https:\/\/guneydent.com\/wp-content\/uploads\/2022\/08\/agiz.png 160w, https:\/\/guneydent.com\/wp-content\/uploads\/2022\/08\/agiz-150x150.png 150w, https:\/\/guneydent.com\/wp-content\/uploads\/2022\/08\/agiz-100x100.png 100w, https:\/\/guneydent.com\/wp-content\/uploads\/2022\/08\/agiz-140x140.png 140w\" sizes=\"(max-width: 160px) 100vw, 160px\" \/><\/a><\/figure><div class=\"elementor-image-box-content\"><h3 class=\"elementor-image-box-title\"><a href=\"https:\/\/guneydent.com\/?page_id=315&#038;lang=tr\">A\u011f\u0131z ve \u00c7ene Cerrahisi<\/a><\/h3><\/div><\/div>\t\t\t\t<\/div>\n\t\t\t\t<\/div>\n\t\t\t\t<div class=\"elementor-element elementor-element-326ad8b elementor-position-left elementor-vertical-align-middle elementor-widget-mobile__width-initial elementor-widget elementor-widget-image-box\" data-id=\"326ad8b\" data-element_type=\"widget\" data-widget_type=\"image-box.default\">\n\t\t\t\t<div class=\"elementor-widget-container\">\n\t\t\t\t\t<div class=\"elementor-image-box-wrapper\"><figure class=\"elementor-image-box-img\"><a href=\"https:\/\/guneydent.com\/?page_id=322&#038;lang=tr\" tabindex=\"-1\"><img loading=\"lazy\" decoding=\"async\" width=\"160\" height=\"159\" src=\"https:\/\/guneydent.com\/wp-content\/uploads\/2022\/08\/kanal.png\" class=\"attachment-full size-full wp-image-200\" alt=\"\" srcset=\"https:\/\/guneydent.com\/wp-content\/uploads\/2022\/08\/kanal.png 160w, https:\/\/guneydent.com\/wp-content\/uploads\/2022\/08\/kanal-150x150.png 150w, https:\/\/guneydent.com\/wp-content\/uploads\/2022\/08\/kanal-100x100.png 100w, https:\/\/guneydent.com\/wp-content\/uploads\/2022\/08\/kanal-140x140.png 140w\" sizes=\"(max-width: 160px) 100vw, 160px\" \/><\/a><\/figure><div class=\"elementor-image-box-content\"><h3 class=\"elementor-image-box-title\"><a href=\"https:\/\/guneydent.com\/?page_id=322&#038;lang=tr\">Endodonti<\/a><\/h3><\/div><\/div>\t\t\t\t<\/div>\n\t\t\t\t<\/div>\n\t\t\t\t<div class=\"elementor-element elementor-element-92f78e8 elementor-position-left elementor-vertical-align-middle elementor-widget-mobile__width-initial elementor-widget elementor-widget-image-box\" data-id=\"92f78e8\" data-element_type=\"widget\" data-widget_type=\"image-box.default\">\n\t\t\t\t<div class=\"elementor-widget-container\">\n\t\t\t\t\t<div class=\"elementor-image-box-wrapper\"><figure class=\"elementor-image-box-img\"><a href=\"https:\/\/guneydent.com\/?page_id=328&#038;lang=tr\" tabindex=\"-1\"><img loading=\"lazy\" decoding=\"async\" width=\"160\" height=\"159\" src=\"https:\/\/guneydent.com\/wp-content\/uploads\/2022\/08\/orto.png\" class=\"attachment-full size-full wp-image-202\" alt=\"\" srcset=\"https:\/\/guneydent.com\/wp-content\/uploads\/2022\/08\/orto.png 160w, https:\/\/guneydent.com\/wp-content\/uploads\/2022\/08\/orto-150x150.png 150w, https:\/\/guneydent.com\/wp-content\/uploads\/2022\/08\/orto-100x100.png 100w, https:\/\/guneydent.com\/wp-content\/uploads\/2022\/08\/orto-140x140.png 140w\" sizes=\"(max-width: 160px) 100vw, 160px\" \/><\/a><\/figure><div class=\"elementor-image-box-content\"><h3 class=\"elementor-image-box-title\"><a href=\"https:\/\/guneydent.com\/?page_id=328&#038;lang=tr\">Ortodonti<\/a><\/h3><\/div><\/div>\t\t\t\t<\/div>\n\t\t\t\t<\/div>\n\t\t\t\t<div class=\"elementor-element elementor-element-b8bfb83 elementor-position-left elementor-vertical-align-middle elementor-widget-mobile__width-initial elementor-widget elementor-widget-image-box\" data-id=\"b8bfb83\" data-element_type=\"widget\" data-widget_type=\"image-box.default\">\n\t\t\t\t<div class=\"elementor-widget-container\">\n\t\t\t\t\t<div class=\"elementor-image-box-wrapper\"><figure class=\"elementor-image-box-img\"><a href=\"https:\/\/guneydent.com\/?page_id=334&#038;lang=tr\" tabindex=\"-1\"><img loading=\"lazy\" decoding=\"async\" width=\"160\" height=\"159\" src=\"https:\/\/guneydent.com\/wp-content\/uploads\/2022\/08\/peri.png\" class=\"attachment-full size-full wp-image-203\" alt=\"\" srcset=\"https:\/\/guneydent.com\/wp-content\/uploads\/2022\/08\/peri.png 160w, https:\/\/guneydent.com\/wp-content\/uploads\/2022\/08\/peri-150x150.png 150w, https:\/\/guneydent.com\/wp-content\/uploads\/2022\/08\/peri-100x100.png 100w, https:\/\/guneydent.com\/wp-content\/uploads\/2022\/08\/peri-140x140.png 140w\" sizes=\"(max-width: 160px) 100vw, 160px\" \/><\/a><\/figure><div class=\"elementor-image-box-content\"><h3 class=\"elementor-image-box-title\"><a href=\"https:\/\/guneydent.com\/?page_id=334&#038;lang=tr\">Periodontoloji<\/a><\/h3><\/div><\/div>\t\t\t\t<\/div>\n\t\t\t\t<\/div>\n\t\t\t\t<div class=\"elementor-element elementor-element-0455465 elementor-position-left elementor-vertical-align-middle elementor-widget-mobile__width-initial elementor-widget elementor-widget-image-box\" data-id=\"0455465\" data-element_type=\"widget\" data-widget_type=\"image-box.default\">\n\t\t\t\t<div class=\"elementor-widget-container\">\n\t\t\t\t\t<div class=\"elementor-image-box-wrapper\"><figure class=\"elementor-image-box-img\"><img loading=\"lazy\" decoding=\"async\" width=\"160\" height=\"159\" src=\"https:\/\/guneydent.com\/wp-content\/uploads\/2022\/08\/seffaf.png\" class=\"attachment-full size-full wp-image-204\" alt=\"\" srcset=\"https:\/\/guneydent.com\/wp-content\/uploads\/2022\/08\/seffaf.png 160w, https:\/\/guneydent.com\/wp-content\/uploads\/2022\/08\/seffaf-150x150.png 150w, https:\/\/guneydent.com\/wp-content\/uploads\/2022\/08\/seffaf-100x100.png 100w, https:\/\/guneydent.com\/wp-content\/uploads\/2022\/08\/seffaf-140x140.png 140w\" sizes=\"(max-width: 160px) 100vw, 160px\" \/><\/figure><div class=\"elementor-image-box-content\"><h3 class=\"elementor-image-box-title\">\u015eeffaf Aparey<\/h3><\/div><\/div>\t\t\t\t<\/div>\n\t\t\t\t<\/div>\n\t\t\t\t<div class=\"elementor-element elementor-element-10eb955 elementor-position-left elementor-vertical-align-middle elementor-widget-mobile__width-initial elementor-widget elementor-widget-image-box\" data-id=\"10eb955\" data-element_type=\"widget\" data-widget_type=\"image-box.default\">\n\t\t\t\t<div class=\"elementor-widget-container\">\n\t\t\t\t\t<div class=\"elementor-image-box-wrapper\"><figure class=\"elementor-image-box-img\"><img loading=\"lazy\" decoding=\"async\" width=\"160\" height=\"159\" src=\"https:\/\/guneydent.com\/wp-content\/uploads\/2022\/08\/laser.png\" class=\"attachment-full size-full wp-image-201\" alt=\"\" srcset=\"https:\/\/guneydent.com\/wp-content\/uploads\/2022\/08\/laser.png 160w, https:\/\/guneydent.com\/wp-content\/uploads\/2022\/08\/laser-150x150.png 150w, https:\/\/guneydent.com\/wp-content\/uploads\/2022\/08\/laser-100x100.png 100w, https:\/\/guneydent.com\/wp-content\/uploads\/2022\/08\/laser-140x140.png 140w\" sizes=\"(max-width: 160px) 100vw, 160px\" \/><\/figure><div class=\"elementor-image-box-content\"><h3 class=\"elementor-image-box-title\">Lazer ve Di\u015feti Tedavileri<\/h3><\/div><\/div>\t\t\t\t<\/div>\n\t\t\t\t<\/div>\n\t\t\t\t<div class=\"elementor-element elementor-element-558cec8 elementor-position-left elementor-vertical-align-middle elementor-widget-mobile__width-initial elementor-widget elementor-widget-image-box\" data-id=\"558cec8\" data-element_type=\"widget\" data-widget_type=\"image-box.default\">\n\t\t\t\t<div class=\"elementor-widget-container\">\n\t\t\t\t\t<div class=\"elementor-image-box-wrapper\"><figure class=\"elementor-image-box-img\"><a href=\"https:\/\/guneydent.com\/tr\/gulus-tasarim\/\" tabindex=\"-1\"><img loading=\"lazy\" decoding=\"async\" width=\"160\" height=\"159\" src=\"https:\/\/guneydent.com\/wp-content\/uploads\/2022\/08\/smile.png\" class=\"attachment-full size-full wp-image-205\" alt=\"\" srcset=\"https:\/\/guneydent.com\/wp-content\/uploads\/2022\/08\/smile.png 160w, https:\/\/guneydent.com\/wp-content\/uploads\/2022\/08\/smile-150x150.png 150w, https:\/\/guneydent.com\/wp-content\/uploads\/2022\/08\/smile-100x100.png 100w, https:\/\/guneydent.com\/wp-content\/uploads\/2022\/08\/smile-140x140.png 140w\" sizes=\"(max-width: 160px) 100vw, 160px\" \/><\/a><\/figure><div class=\"elementor-image-box-content\"><h3 class=\"elementor-image-box-title\"><a href=\"https:\/\/guneydent.com\/tr\/gulus-tasarim\/\">G\u00fcl\u00fc\u015f Tasar\u0131m\u0131<\/a><\/h3><\/div><\/div>\t\t\t\t<\/div>\n\t\t\t\t<\/div>\n\t\t\t\t\t<\/div>\n\t\t<\/div>\n\t\t\t\t\t<\/div>\n\t\t<\/section>\n\t\t\t\t<\/div>\n\t\t","protected":false},"excerpt":{"rendered":"<p>Periodontoloji, di\u015fi \u00e7evreleyen di\u015f eti ve di\u011fer destek dokularla ilgili hastal\u0131klar\u0131n tedavisi ve bunlar\u0131n \u00f6nlenmesi ile ilgili bilim dal\u0131d\u0131r. Di\u015feti hastal\u0131\u011f\u0131 klinik ve radyografik muayene sonucu kolayl\u0131kla tespit edilmekte ve&#8230;<\/p>\n","protected":false},"author":1,"featured_media":0,"parent":0,"menu_order":0,"comment_status":"closed","ping_status":"closed","template":"elementor_header_footer","meta":{"footnotes":""},"class_list":["post-334","page","type-page","status-publish"],"lang":"tr","translations":{"en":563,"tr":334,"ar":912},"pll_sync_post":[],"_links":{"self":[{"href":"https:\/\/guneydent.com\/index.php?rest_route=\/wp\/v2\/pages\/334","targetHints":{"allow":["GET"]}}],"collection":[{"href":"https:\/\/guneydent.com\/index.php?rest_route=\/wp\/v2\/pages"}],"about":[{"href":"https:\/\/guneydent.com\/index.php?rest_route=\/wp\/v2\/types\/page"}],"author":[{"embeddable":true,"href":"https:\/\/guneydent.com\/index.php?rest_route=\/wp\/v2\/users\/1"}],"replies":[{"embeddable":true,"href":"https:\/\/guneydent.com\/index.php?rest_route=%2Fwp%2Fv2%2Fcomments&post=334"}],"version-history":[{"count":28,"href":"https:\/\/guneydent.com\/index.php?rest_route=\/wp\/v2\/pages\/334\/revisions"}],"predecessor-version":[{"id":1647,"href":"https:\/\/guneydent.com\/index.php?rest_route=\/wp\/v2\/pages\/334\/revisions\/1647"}],"wp:attachment":[{"href":"https:\/\/guneydent.com\/index.php?rest_route=%2Fwp%2Fv2%2Fmedia&parent=334"}],"curies":[{"name":"wp","href":"https:\/\/api.w.org\/{rel}","templated":true}]}}