{"id":328,"date":"2022-08-23T16:09:16","date_gmt":"2022-08-23T16:09:16","guid":{"rendered":"https:\/\/guneydent.com\/wp\/?page_id=328"},"modified":"2023-05-12T10:36:28","modified_gmt":"2023-05-12T10:36:28","slug":"ortodonti","status":"publish","type":"page","link":"https:\/\/guneydent.com\/?page_id=328&lang=tr","title":{"rendered":"Ortodonti"},"content":{"rendered":"\t\t<div data-elementor-type=\"wp-page\" data-elementor-id=\"328\" class=\"elementor elementor-328\" data-elementor-post-type=\"page\">\n\t\t\t\t\t\t<section class=\"elementor-section elementor-top-section elementor-element elementor-element-d9081b4 elementor-section-full_width elementor-section-height-min-height elementor-section-height-default elementor-section-items-middle\" data-id=\"d9081b4\" data-element_type=\"section\" data-settings=\"{&quot;background_background&quot;:&quot;classic&quot;}\">\n\t\t\t\t\t\t<div class=\"elementor-container elementor-column-gap-default\">\n\t\t\t\t\t<div class=\"elementor-column elementor-col-100 elementor-top-column elementor-element elementor-element-c8deb91\" data-id=\"c8deb91\" data-element_type=\"column\">\n\t\t\t<div class=\"elementor-widget-wrap\">\n\t\t\t\t\t\t\t<\/div>\n\t\t<\/div>\n\t\t\t\t\t<\/div>\n\t\t<\/section>\n\t\t\t\t<section class=\"elementor-section elementor-top-section elementor-element elementor-element-4a286cf elementor-section-boxed elementor-section-height-default elementor-section-height-default\" data-id=\"4a286cf\" data-element_type=\"section\">\n\t\t\t\t\t\t<div class=\"elementor-container elementor-column-gap-default\">\n\t\t\t\t\t<div class=\"elementor-column elementor-col-100 elementor-top-column elementor-element elementor-element-3977782\" data-id=\"3977782\" data-element_type=\"column\" data-settings=\"{&quot;background_background&quot;:&quot;gradient&quot;}\">\n\t\t\t<div class=\"elementor-widget-wrap\">\n\t\t\t\t\t\t\t<\/div>\n\t\t<\/div>\n\t\t\t\t\t<\/div>\n\t\t<\/section>\n\t\t\t\t<section class=\"elementor-section elementor-top-section elementor-element elementor-element-2602c05 elementor-section-boxed elementor-section-height-default elementor-section-height-default\" data-id=\"2602c05\" data-element_type=\"section\">\n\t\t\t\t\t\t<div class=\"elementor-container elementor-column-gap-default\">\n\t\t\t\t\t<div class=\"elementor-column elementor-col-50 elementor-top-column elementor-element elementor-element-656b500\" data-id=\"656b500\" data-element_type=\"column\">\n\t\t\t<div class=\"elementor-widget-wrap elementor-element-populated\">\n\t\t\t\t\t\t<div class=\"elementor-element elementor-element-c2ffe50 elementor-widget elementor-widget-heading\" data-id=\"c2ffe50\" data-element_type=\"widget\" data-widget_type=\"heading.default\">\n\t\t\t\t<div class=\"elementor-widget-container\">\n\t\t\t\t\t<h2 class=\"elementor-heading-title elementor-size-default\">Ortodonti<\/h2>\t\t\t\t<\/div>\n\t\t\t\t<\/div>\n\t\t\t\t<div class=\"elementor-element elementor-element-8920319 elementor-widget elementor-widget-text-editor\" data-id=\"8920319\" data-element_type=\"widget\" data-widget_type=\"text-editor.default\">\n\t\t\t\t<div class=\"elementor-widget-container\">\n\t\t\t\t\t\t\t\t\t<p>Ortodontik tedavi; di\u015f \u00e7apra\u015f\u0131kl\u0131klar\u0131n\u0131n d\u00fczeltilmesi ve di\u015f ve \u00e7enelerin birbiriyle ili\u015fkisinin ideal duruma getirilmesidir. \u00c7apra\u015f\u0131k di\u015fler sadece g\u00f6r\u00fcn\u00fcm olarak k\u00f6t\u00fc bir esteti\u011fe neden olmazlar ayn\u0131 zamanda ki\u015finin yemek yemesini ve \u00e7i\u011fnemesini de olumsuz etkiler BU durum ilerleyen y\u0131llarda eklem problemlerine neden olabilir. Ayn\u0131 zamanda \u00e7apra\u015f\u0131kl\u0131klar\u0131, yetersiz temizlenme nedeniyle \u00e7\u00fcr\u00fck ve di\u015feti sorunlar\u0131n\u0131 artt\u0131r\u0131r ve erken d\u00f6nemde di\u015f kay\u0131plar\u0131na neden olabilir. Bu nedenle sadece estetik kayg\u0131lar nedeniyle de\u011fil, a\u011f\u0131z hijyeninin sa\u011flanabilmesi ve ileride ya\u015fanabilecek a\u011f\u0131z ve di\u015f rahats\u0131zl\u0131klar\u0131n\u0131n \u00f6n\u00fcne ge\u00e7mek i\u00e7in de ortodonti tedavileri gereklidir.<\/p><p><br><\/p>\n<p>Bu nedenle \u00e7ocuklar kar\u0131\u015f\u0131k di\u015flenme d\u00f6neminden itibaren (6\u00ad7 ya\u015f) mutlaka bir ortodontist taraf\u0131ndan muayene edilmesinde fayda vard\u0131r. Erken te\u015fhis tedavi s\u00fcrecini daha da k\u0131saltabilmektedir. Bu d\u00f6nemde di\u015flerin \u00e7apra\u015f\u0131kl\u0131k riski ta\u015f\u0131y\u0131p ta\u015f\u0131mad\u0131\u011f\u0131 belirlenebilir. Ayr\u0131ca ileride \u00e7apra\u015f\u0131kl\u0131\u011fa neden olabilecek baz\u0131 fakt\u00f6rler ekarte edilebilir.<\/p><p><br><\/p>\n<p>Ortodonti tedaviler zaman alan bir tedavidir. Hastan\u0131n uyumu ve hekim hasta ili\u015fkisi tedavide \u00f6nemlidir.<\/p><p><br><\/p>\n<p>Ortodontik tedavi sadece \u00e7ocuk ve gen\u00e7lere de\u011fil son y\u0131llarda yeti\u015fkinlere de uygulanmaktad\u0131r.<\/p><p><br><\/p>\n<p>Yeti\u015fkin hastalarda g\u00fcnl\u00fck sosyal hayat\u0131n\u0131 etkilememesi i\u00e7in g\u00fcn\u00fcm\u00fczde lingual ortodonti (di\u015flerin i\u00e7 k\u0131sm\u0131na uygulanan tel tedavisi) ya da invisalign (\u015feffaf plaklar) tedavi sistemleri geli\u015ftirilmi\u015ftir.<\/p><p><br><\/p>\n<p>Bu iki sistemde de hastalar estetik olarak hi\u00e7bir sorun ya\u015famadan di\u015flerindeki \u00e7apra\u015f\u0131kl\u0131klar d\u00fczeltilebilmektedir. Tedavi s\u00fcreleri, ki\u015fiden ki\u015fiye ve \u00e7apra\u015f\u0131kl\u0131\u011f\u0131n durumuna g\u00f6re farkl\u0131l\u0131k g\u00f6stermektedir<\/p>\t\t\t\t\t\t\t\t<\/div>\n\t\t\t\t<\/div>\n\t\t\t\t\t<\/div>\n\t\t<\/div>\n\t\t\t\t<div class=\"elementor-column elementor-col-50 elementor-top-column elementor-element elementor-element-b3060d2\" data-id=\"b3060d2\" data-element_type=\"column\">\n\t\t\t<div class=\"elementor-widget-wrap elementor-element-populated\">\n\t\t\t\t\t\t<div class=\"elementor-element elementor-element-f5973ce elementor-widget elementor-widget-image\" data-id=\"f5973ce\" data-element_type=\"widget\" data-widget_type=\"image.default\">\n\t\t\t\t<div class=\"elementor-widget-container\">\n\t\t\t\t\t\t\t\t\t\t\t\t\t\t\t<img decoding=\"async\" width=\"307\" height=\"146\" src=\"https:\/\/guneydent.com\/wp-content\/uploads\/2022\/08\/tedavi.png\" class=\"attachment-full size-full wp-image-36\" alt=\"\" srcset=\"https:\/\/guneydent.com\/wp-content\/uploads\/2022\/08\/tedavi.png 307w, https:\/\/guneydent.com\/wp-content\/uploads\/2022\/08\/tedavi-300x143.png 300w\" sizes=\"(max-width: 307px) 100vw, 307px\" \/>\t\t\t\t\t\t\t\t\t\t\t\t\t\t\t<\/div>\n\t\t\t\t<\/div>\n\t\t\t\t<div class=\"elementor-element elementor-element-8c5ae99 elementor-position-left elementor-vertical-align-middle elementor-widget-mobile__width-initial elementor-widget elementor-widget-image-box\" data-id=\"8c5ae99\" data-element_type=\"widget\" data-widget_type=\"image-box.default\">\n\t\t\t\t<div class=\"elementor-widget-container\">\n\t\t\t\t\t<div class=\"elementor-image-box-wrapper\"><figure class=\"elementor-image-box-img\"><a href=\"https:\/\/guneydent.com\/?page_id=271&#038;lang=tr\" tabindex=\"-1\"><img decoding=\"async\" width=\"160\" height=\"159\" src=\"https:\/\/guneydent.com\/wp-content\/uploads\/2022\/08\/037-tooth-whitening.png\" class=\"attachment-full size-full wp-image-34\" alt=\"\" srcset=\"https:\/\/guneydent.com\/wp-content\/uploads\/2022\/08\/037-tooth-whitening.png 160w, https:\/\/guneydent.com\/wp-content\/uploads\/2022\/08\/037-tooth-whitening-150x150.png 150w, https:\/\/guneydent.com\/wp-content\/uploads\/2022\/08\/037-tooth-whitening-100x100.png 100w, https:\/\/guneydent.com\/wp-content\/uploads\/2022\/08\/037-tooth-whitening-140x140.png 140w\" sizes=\"(max-width: 160px) 100vw, 160px\" \/><\/a><\/figure><div class=\"elementor-image-box-content\"><h3 class=\"elementor-image-box-title\"><a href=\"https:\/\/guneydent.com\/?page_id=271&#038;lang=tr\">Estekik Di\u015f Hekimli\u011fi<\/a><\/h3><\/div><\/div>\t\t\t\t<\/div>\n\t\t\t\t<\/div>\n\t\t\t\t<div class=\"elementor-element elementor-element-c8c23d6 elementor-position-left elementor-vertical-align-middle elementor-widget-mobile__width-initial elementor-widget elementor-widget-image-box\" data-id=\"c8c23d6\" data-element_type=\"widget\" data-widget_type=\"image-box.default\">\n\t\t\t\t<div class=\"elementor-widget-container\">\n\t\t\t\t\t<div class=\"elementor-image-box-wrapper\"><figure class=\"elementor-image-box-img\"><a href=\"https:\/\/guneydent.com\/?page_id=286&#038;lang=tr\" tabindex=\"-1\"><img decoding=\"async\" width=\"159\" height=\"159\" src=\"https:\/\/guneydent.com\/wp-content\/uploads\/2022\/08\/034-healthy-tooth.png\" class=\"attachment-full size-full wp-image-33\" alt=\"\" srcset=\"https:\/\/guneydent.com\/wp-content\/uploads\/2022\/08\/034-healthy-tooth.png 159w, https:\/\/guneydent.com\/wp-content\/uploads\/2022\/08\/034-healthy-tooth-150x150.png 150w, https:\/\/guneydent.com\/wp-content\/uploads\/2022\/08\/034-healthy-tooth-100x100.png 100w, https:\/\/guneydent.com\/wp-content\/uploads\/2022\/08\/034-healthy-tooth-140x140.png 140w\" sizes=\"(max-width: 159px) 100vw, 159px\" \/><\/a><\/figure><div class=\"elementor-image-box-content\"><h3 class=\"elementor-image-box-title\"><a href=\"https:\/\/guneydent.com\/?page_id=286&#038;lang=tr\">\u0130lk Muayene ve Radyoloji<\/a><\/h3><\/div><\/div>\t\t\t\t<\/div>\n\t\t\t\t<\/div>\n\t\t\t\t<div class=\"elementor-element elementor-element-10753ca elementor-position-left elementor-vertical-align-middle elementor-widget-mobile__width-initial elementor-widget elementor-widget-image-box\" data-id=\"10753ca\" data-element_type=\"widget\" data-widget_type=\"image-box.default\">\n\t\t\t\t<div class=\"elementor-widget-container\">\n\t\t\t\t\t<div class=\"elementor-image-box-wrapper\"><figure class=\"elementor-image-box-img\"><a href=\"https:\/\/guneydent.com\/?page_id=292&#038;lang=tr\" tabindex=\"-1\"><img loading=\"lazy\" decoding=\"async\" width=\"159\" height=\"159\" src=\"https:\/\/guneydent.com\/wp-content\/uploads\/2022\/08\/041-implant.png\" class=\"attachment-full size-full wp-image-35\" alt=\"\" srcset=\"https:\/\/guneydent.com\/wp-content\/uploads\/2022\/08\/041-implant.png 159w, https:\/\/guneydent.com\/wp-content\/uploads\/2022\/08\/041-implant-150x150.png 150w, https:\/\/guneydent.com\/wp-content\/uploads\/2022\/08\/041-implant-100x100.png 100w, https:\/\/guneydent.com\/wp-content\/uploads\/2022\/08\/041-implant-140x140.png 140w\" sizes=\"(max-width: 159px) 100vw, 159px\" \/><\/a><\/figure><div class=\"elementor-image-box-content\"><h3 class=\"elementor-image-box-title\"><a href=\"https:\/\/guneydent.com\/?page_id=292&#038;lang=tr\">Implantoloji<\/a><\/h3><\/div><\/div>\t\t\t\t<\/div>\n\t\t\t\t<\/div>\n\t\t\t\t<div class=\"elementor-element elementor-element-2aff71e elementor-position-left elementor-vertical-align-middle elementor-widget-mobile__width-initial elementor-widget elementor-widget-image-box\" data-id=\"2aff71e\" data-element_type=\"widget\" data-widget_type=\"image-box.default\">\n\t\t\t\t<div class=\"elementor-widget-container\">\n\t\t\t\t\t<div class=\"elementor-image-box-wrapper\"><figure class=\"elementor-image-box-img\"><a href=\"https:\/\/guneydent.com\/?page_id=298&#038;lang=tr\" tabindex=\"-1\"><img loading=\"lazy\" decoding=\"async\" width=\"159\" height=\"159\" src=\"https:\/\/guneydent.com\/wp-content\/uploads\/2022\/08\/032-crown.png\" class=\"attachment-full size-full wp-image-32\" alt=\"\" srcset=\"https:\/\/guneydent.com\/wp-content\/uploads\/2022\/08\/032-crown.png 159w, https:\/\/guneydent.com\/wp-content\/uploads\/2022\/08\/032-crown-150x150.png 150w, https:\/\/guneydent.com\/wp-content\/uploads\/2022\/08\/032-crown-100x100.png 100w, https:\/\/guneydent.com\/wp-content\/uploads\/2022\/08\/032-crown-140x140.png 140w\" sizes=\"(max-width: 159px) 100vw, 159px\" \/><\/a><\/figure><div class=\"elementor-image-box-content\"><h3 class=\"elementor-image-box-title\"><a href=\"https:\/\/guneydent.com\/?page_id=298&#038;lang=tr\">Protetik Di\u015f Hekimli\u011fi<\/a><\/h3><\/div><\/div>\t\t\t\t<\/div>\n\t\t\t\t<\/div>\n\t\t\t\t<div class=\"elementor-element elementor-element-5650a8d elementor-position-left elementor-vertical-align-middle elementor-widget-mobile__width-initial elementor-widget elementor-widget-image-box\" data-id=\"5650a8d\" data-element_type=\"widget\" data-widget_type=\"image-box.default\">\n\t\t\t\t<div class=\"elementor-widget-container\">\n\t\t\t\t\t<div class=\"elementor-image-box-wrapper\"><figure class=\"elementor-image-box-img\"><a href=\"https:\/\/guneydent.com\/?page_id=305&#038;lang=tr\" tabindex=\"-1\"><img loading=\"lazy\" decoding=\"async\" width=\"160\" height=\"159\" src=\"https:\/\/guneydent.com\/wp-content\/uploads\/2022\/08\/dis.png\" class=\"attachment-full size-full wp-image-198\" alt=\"\" srcset=\"https:\/\/guneydent.com\/wp-content\/uploads\/2022\/08\/dis.png 160w, https:\/\/guneydent.com\/wp-content\/uploads\/2022\/08\/dis-150x150.png 150w, https:\/\/guneydent.com\/wp-content\/uploads\/2022\/08\/dis-100x100.png 100w, https:\/\/guneydent.com\/wp-content\/uploads\/2022\/08\/dis-140x140.png 140w\" sizes=\"(max-width: 160px) 100vw, 160px\" \/><\/a><\/figure><div class=\"elementor-image-box-content\"><h3 class=\"elementor-image-box-title\"><a href=\"https:\/\/guneydent.com\/?page_id=305&#038;lang=tr\">Di\u015feti Hastal\u0131klar\u0131 <\/a><\/h3><\/div><\/div>\t\t\t\t<\/div>\n\t\t\t\t<\/div>\n\t\t\t\t<div class=\"elementor-element elementor-element-f315091 elementor-position-left elementor-vertical-align-middle elementor-widget-mobile__width-initial elementor-widget elementor-widget-image-box\" data-id=\"f315091\" data-element_type=\"widget\" data-widget_type=\"image-box.default\">\n\t\t\t\t<div class=\"elementor-widget-container\">\n\t\t\t\t\t<div class=\"elementor-image-box-wrapper\"><figure class=\"elementor-image-box-img\"><a href=\"https:\/\/guneydent.com\/?page_id=315&#038;lang=tr\" tabindex=\"-1\"><img loading=\"lazy\" decoding=\"async\" width=\"160\" height=\"159\" src=\"https:\/\/guneydent.com\/wp-content\/uploads\/2022\/08\/agiz.png\" class=\"attachment-full size-full wp-image-199\" alt=\"\" srcset=\"https:\/\/guneydent.com\/wp-content\/uploads\/2022\/08\/agiz.png 160w, https:\/\/guneydent.com\/wp-content\/uploads\/2022\/08\/agiz-150x150.png 150w, https:\/\/guneydent.com\/wp-content\/uploads\/2022\/08\/agiz-100x100.png 100w, https:\/\/guneydent.com\/wp-content\/uploads\/2022\/08\/agiz-140x140.png 140w\" sizes=\"(max-width: 160px) 100vw, 160px\" \/><\/a><\/figure><div class=\"elementor-image-box-content\"><h3 class=\"elementor-image-box-title\"><a href=\"https:\/\/guneydent.com\/?page_id=315&#038;lang=tr\">A\u011f\u0131z ve \u00c7ene Cerrahisi<\/a><\/h3><\/div><\/div>\t\t\t\t<\/div>\n\t\t\t\t<\/div>\n\t\t\t\t<div class=\"elementor-element elementor-element-dafb92f elementor-position-left elementor-vertical-align-middle elementor-widget-mobile__width-initial elementor-widget elementor-widget-image-box\" data-id=\"dafb92f\" data-element_type=\"widget\" data-widget_type=\"image-box.default\">\n\t\t\t\t<div class=\"elementor-widget-container\">\n\t\t\t\t\t<div class=\"elementor-image-box-wrapper\"><figure class=\"elementor-image-box-img\"><a href=\"https:\/\/guneydent.com\/?page_id=322&#038;lang=tr\" tabindex=\"-1\"><img loading=\"lazy\" decoding=\"async\" width=\"160\" height=\"159\" src=\"https:\/\/guneydent.com\/wp-content\/uploads\/2022\/08\/kanal.png\" class=\"attachment-full size-full wp-image-200\" alt=\"\" srcset=\"https:\/\/guneydent.com\/wp-content\/uploads\/2022\/08\/kanal.png 160w, https:\/\/guneydent.com\/wp-content\/uploads\/2022\/08\/kanal-150x150.png 150w, https:\/\/guneydent.com\/wp-content\/uploads\/2022\/08\/kanal-100x100.png 100w, https:\/\/guneydent.com\/wp-content\/uploads\/2022\/08\/kanal-140x140.png 140w\" sizes=\"(max-width: 160px) 100vw, 160px\" \/><\/a><\/figure><div class=\"elementor-image-box-content\"><h3 class=\"elementor-image-box-title\"><a href=\"https:\/\/guneydent.com\/?page_id=322&#038;lang=tr\">Endodonti<\/a><\/h3><\/div><\/div>\t\t\t\t<\/div>\n\t\t\t\t<\/div>\n\t\t\t\t<div class=\"elementor-element elementor-element-4b37fac elementor-position-left elementor-vertical-align-middle elementor-widget-mobile__width-initial elementor-widget elementor-widget-image-box\" data-id=\"4b37fac\" data-element_type=\"widget\" data-widget_type=\"image-box.default\">\n\t\t\t\t<div class=\"elementor-widget-container\">\n\t\t\t\t\t<div class=\"elementor-image-box-wrapper\"><figure class=\"elementor-image-box-img\"><a href=\"https:\/\/guneydent.com\/?page_id=328&#038;lang=tr\" tabindex=\"-1\"><img loading=\"lazy\" decoding=\"async\" width=\"160\" height=\"159\" src=\"https:\/\/guneydent.com\/wp-content\/uploads\/2022\/08\/orto.png\" class=\"attachment-full size-full wp-image-202\" alt=\"\" srcset=\"https:\/\/guneydent.com\/wp-content\/uploads\/2022\/08\/orto.png 160w, https:\/\/guneydent.com\/wp-content\/uploads\/2022\/08\/orto-150x150.png 150w, https:\/\/guneydent.com\/wp-content\/uploads\/2022\/08\/orto-100x100.png 100w, https:\/\/guneydent.com\/wp-content\/uploads\/2022\/08\/orto-140x140.png 140w\" sizes=\"(max-width: 160px) 100vw, 160px\" \/><\/a><\/figure><div class=\"elementor-image-box-content\"><h3 class=\"elementor-image-box-title\"><a href=\"https:\/\/guneydent.com\/?page_id=328&#038;lang=tr\">Ortodonti<\/a><\/h3><\/div><\/div>\t\t\t\t<\/div>\n\t\t\t\t<\/div>\n\t\t\t\t<div class=\"elementor-element elementor-element-b909b85 elementor-position-left elementor-vertical-align-middle elementor-widget-mobile__width-initial elementor-widget elementor-widget-image-box\" data-id=\"b909b85\" data-element_type=\"widget\" data-widget_type=\"image-box.default\">\n\t\t\t\t<div class=\"elementor-widget-container\">\n\t\t\t\t\t<div class=\"elementor-image-box-wrapper\"><figure class=\"elementor-image-box-img\"><a href=\"https:\/\/guneydent.com\/?page_id=334&#038;lang=tr\" tabindex=\"-1\"><img loading=\"lazy\" decoding=\"async\" width=\"160\" height=\"159\" src=\"https:\/\/guneydent.com\/wp-content\/uploads\/2022\/08\/peri.png\" class=\"attachment-full size-full wp-image-203\" alt=\"\" srcset=\"https:\/\/guneydent.com\/wp-content\/uploads\/2022\/08\/peri.png 160w, https:\/\/guneydent.com\/wp-content\/uploads\/2022\/08\/peri-150x150.png 150w, https:\/\/guneydent.com\/wp-content\/uploads\/2022\/08\/peri-100x100.png 100w, https:\/\/guneydent.com\/wp-content\/uploads\/2022\/08\/peri-140x140.png 140w\" sizes=\"(max-width: 160px) 100vw, 160px\" \/><\/a><\/figure><div class=\"elementor-image-box-content\"><h3 class=\"elementor-image-box-title\"><a href=\"https:\/\/guneydent.com\/?page_id=334&#038;lang=tr\">Periodontoloji<\/a><\/h3><\/div><\/div>\t\t\t\t<\/div>\n\t\t\t\t<\/div>\n\t\t\t\t<div class=\"elementor-element elementor-element-b4b4488 elementor-position-left elementor-vertical-align-middle elementor-widget-mobile__width-initial elementor-widget elementor-widget-image-box\" data-id=\"b4b4488\" data-element_type=\"widget\" data-widget_type=\"image-box.default\">\n\t\t\t\t<div class=\"elementor-widget-container\">\n\t\t\t\t\t<div class=\"elementor-image-box-wrapper\"><figure class=\"elementor-image-box-img\"><img loading=\"lazy\" decoding=\"async\" width=\"160\" height=\"159\" src=\"https:\/\/guneydent.com\/wp-content\/uploads\/2022\/08\/seffaf.png\" class=\"attachment-full size-full wp-image-204\" alt=\"\" srcset=\"https:\/\/guneydent.com\/wp-content\/uploads\/2022\/08\/seffaf.png 160w, https:\/\/guneydent.com\/wp-content\/uploads\/2022\/08\/seffaf-150x150.png 150w, https:\/\/guneydent.com\/wp-content\/uploads\/2022\/08\/seffaf-100x100.png 100w, https:\/\/guneydent.com\/wp-content\/uploads\/2022\/08\/seffaf-140x140.png 140w\" sizes=\"(max-width: 160px) 100vw, 160px\" \/><\/figure><div class=\"elementor-image-box-content\"><h3 class=\"elementor-image-box-title\">\u015eeffaf Aparey<\/h3><\/div><\/div>\t\t\t\t<\/div>\n\t\t\t\t<\/div>\n\t\t\t\t<div class=\"elementor-element elementor-element-a0071f5 elementor-position-left elementor-vertical-align-middle elementor-widget-mobile__width-initial elementor-widget elementor-widget-image-box\" data-id=\"a0071f5\" data-element_type=\"widget\" data-widget_type=\"image-box.default\">\n\t\t\t\t<div class=\"elementor-widget-container\">\n\t\t\t\t\t<div class=\"elementor-image-box-wrapper\"><figure class=\"elementor-image-box-img\"><img loading=\"lazy\" decoding=\"async\" width=\"160\" height=\"159\" src=\"https:\/\/guneydent.com\/wp-content\/uploads\/2022\/08\/laser.png\" class=\"attachment-full size-full wp-image-201\" alt=\"\" srcset=\"https:\/\/guneydent.com\/wp-content\/uploads\/2022\/08\/laser.png 160w, https:\/\/guneydent.com\/wp-content\/uploads\/2022\/08\/laser-150x150.png 150w, https:\/\/guneydent.com\/wp-content\/uploads\/2022\/08\/laser-100x100.png 100w, https:\/\/guneydent.com\/wp-content\/uploads\/2022\/08\/laser-140x140.png 140w\" sizes=\"(max-width: 160px) 100vw, 160px\" \/><\/figure><div class=\"elementor-image-box-content\"><h3 class=\"elementor-image-box-title\">Lazer ve Di\u015feti Tedavileri<\/h3><\/div><\/div>\t\t\t\t<\/div>\n\t\t\t\t<\/div>\n\t\t\t\t<div class=\"elementor-element elementor-element-e5004de elementor-position-left elementor-vertical-align-middle elementor-widget-mobile__width-initial elementor-widget elementor-widget-image-box\" data-id=\"e5004de\" data-element_type=\"widget\" data-widget_type=\"image-box.default\">\n\t\t\t\t<div class=\"elementor-widget-container\">\n\t\t\t\t\t<div class=\"elementor-image-box-wrapper\"><figure class=\"elementor-image-box-img\"><a href=\"https:\/\/guneydent.com\/tr\/gulus-tasarim\/\" tabindex=\"-1\"><img loading=\"lazy\" decoding=\"async\" width=\"160\" height=\"159\" src=\"https:\/\/guneydent.com\/wp-content\/uploads\/2022\/08\/smile.png\" class=\"attachment-full size-full wp-image-205\" alt=\"\" srcset=\"https:\/\/guneydent.com\/wp-content\/uploads\/2022\/08\/smile.png 160w, https:\/\/guneydent.com\/wp-content\/uploads\/2022\/08\/smile-150x150.png 150w, https:\/\/guneydent.com\/wp-content\/uploads\/2022\/08\/smile-100x100.png 100w, https:\/\/guneydent.com\/wp-content\/uploads\/2022\/08\/smile-140x140.png 140w\" sizes=\"(max-width: 160px) 100vw, 160px\" \/><\/a><\/figure><div class=\"elementor-image-box-content\"><h3 class=\"elementor-image-box-title\"><a href=\"https:\/\/guneydent.com\/tr\/gulus-tasarim\/\">G\u00fcl\u00fc\u015f Tasar\u0131m\u0131<\/a><\/h3><\/div><\/div>\t\t\t\t<\/div>\n\t\t\t\t<\/div>\n\t\t\t\t\t<\/div>\n\t\t<\/div>\n\t\t\t\t\t<\/div>\n\t\t<\/section>\n\t\t\t\t<\/div>\n\t\t","protected":false},"excerpt":{"rendered":"<p>Ortodontik tedavi; di\u015f \u00e7apra\u015f\u0131kl\u0131klar\u0131n\u0131n d\u00fczeltilmesi ve di\u015f ve \u00e7enelerin birbiriyle ili\u015fkisinin ideal duruma getirilmesidir. \u00c7apra\u015f\u0131k di\u015fler sadece g\u00f6r\u00fcn\u00fcm olarak k\u00f6t\u00fc bir esteti\u011fe neden olmazlar ayn\u0131 zamanda ki\u015finin yemek yemesini ve&#8230;<\/p>\n","protected":false},"author":1,"featured_media":0,"parent":0,"menu_order":0,"comment_status":"closed","ping_status":"closed","template":"elementor_header_footer","meta":{"footnotes":""},"class_list":["post-328","page","type-page","status-publish"],"lang":"tr","translations":{"en":558,"tr":328,"ar":906},"pll_sync_post":[],"_links":{"self":[{"href":"https:\/\/guneydent.com\/index.php?rest_route=\/wp\/v2\/pages\/328","targetHints":{"allow":["GET"]}}],"collection":[{"href":"https:\/\/guneydent.com\/index.php?rest_route=\/wp\/v2\/pages"}],"about":[{"href":"https:\/\/guneydent.com\/index.php?rest_route=\/wp\/v2\/types\/page"}],"author":[{"embeddable":true,"href":"https:\/\/guneydent.com\/index.php?rest_route=\/wp\/v2\/users\/1"}],"replies":[{"embeddable":true,"href":"https:\/\/guneydent.com\/index.php?rest_route=%2Fwp%2Fv2%2Fcomments&post=328"}],"version-history":[{"count":25,"href":"https:\/\/guneydent.com\/index.php?rest_route=\/wp\/v2\/pages\/328\/revisions"}],"predecessor-version":[{"id":1638,"href":"https:\/\/guneydent.com\/index.php?rest_route=\/wp\/v2\/pages\/328\/revisions\/1638"}],"wp:attachment":[{"href":"https:\/\/guneydent.com\/index.php?rest_route=%2Fwp%2Fv2%2Fmedia&parent=328"}],"curies":[{"name":"wp","href":"https:\/\/api.w.org\/{rel}","templated":true}]}}