{"id":315,"date":"2022-08-23T16:06:50","date_gmt":"2022-08-23T16:06:50","guid":{"rendered":"https:\/\/guneydent.com\/wp\/?page_id=315"},"modified":"2023-05-12T10:32:46","modified_gmt":"2023-05-12T10:32:46","slug":"agiz-dis-ve-cene-cerrahisi","status":"publish","type":"page","link":"https:\/\/guneydent.com\/?page_id=315&lang=tr","title":{"rendered":"A\u011f\u0131z Di\u015f ve \u00c7ene Cerrahisi"},"content":{"rendered":"\t\t<div data-elementor-type=\"wp-page\" data-elementor-id=\"315\" class=\"elementor elementor-315\" data-elementor-post-type=\"page\">\n\t\t\t\t\t\t<section class=\"elementor-section elementor-top-section elementor-element elementor-element-d9081b4 elementor-section-full_width elementor-section-height-min-height elementor-section-height-default elementor-section-items-middle\" data-id=\"d9081b4\" data-element_type=\"section\" data-settings=\"{&quot;background_background&quot;:&quot;classic&quot;}\">\n\t\t\t\t\t\t<div class=\"elementor-container elementor-column-gap-default\">\n\t\t\t\t\t<div class=\"elementor-column elementor-col-100 elementor-top-column elementor-element elementor-element-c8deb91\" data-id=\"c8deb91\" data-element_type=\"column\">\n\t\t\t<div class=\"elementor-widget-wrap\">\n\t\t\t\t\t\t\t<\/div>\n\t\t<\/div>\n\t\t\t\t\t<\/div>\n\t\t<\/section>\n\t\t\t\t<section class=\"elementor-section elementor-top-section elementor-element elementor-element-4a286cf elementor-section-boxed elementor-section-height-default elementor-section-height-default\" data-id=\"4a286cf\" data-element_type=\"section\">\n\t\t\t\t\t\t<div class=\"elementor-container elementor-column-gap-default\">\n\t\t\t\t\t<div class=\"elementor-column elementor-col-100 elementor-top-column elementor-element elementor-element-3977782\" data-id=\"3977782\" data-element_type=\"column\" data-settings=\"{&quot;background_background&quot;:&quot;gradient&quot;}\">\n\t\t\t<div class=\"elementor-widget-wrap\">\n\t\t\t\t\t\t\t<\/div>\n\t\t<\/div>\n\t\t\t\t\t<\/div>\n\t\t<\/section>\n\t\t\t\t<section class=\"elementor-section elementor-top-section elementor-element elementor-element-2602c05 elementor-section-boxed elementor-section-height-default elementor-section-height-default\" data-id=\"2602c05\" data-element_type=\"section\">\n\t\t\t\t\t\t<div class=\"elementor-container elementor-column-gap-default\">\n\t\t\t\t\t<div class=\"elementor-column elementor-col-50 elementor-top-column elementor-element elementor-element-656b500\" data-id=\"656b500\" data-element_type=\"column\">\n\t\t\t<div class=\"elementor-widget-wrap elementor-element-populated\">\n\t\t\t\t\t\t<div class=\"elementor-element elementor-element-c2ffe50 elementor-widget elementor-widget-heading\" data-id=\"c2ffe50\" data-element_type=\"widget\" data-widget_type=\"heading.default\">\n\t\t\t\t<div class=\"elementor-widget-container\">\n\t\t\t\t\t<h2 class=\"elementor-heading-title elementor-size-default\">A\u011f\u0131z Di\u015f ve \u00c7ene Cerrahisi<\/h2>\t\t\t\t<\/div>\n\t\t\t\t<\/div>\n\t\t\t\t<div class=\"elementor-element elementor-element-8920319 elementor-widget elementor-widget-text-editor\" data-id=\"8920319\" data-element_type=\"widget\" data-widget_type=\"text-editor.default\">\n\t\t\t\t<div class=\"elementor-widget-container\">\n\t\t\t\t\t\t\t\t\t<p>A\u011f\u0131z Di\u015f ve \u00c7ene Cerrahisi a\u011f\u0131z, di\u015f ve \u00e7ene b\u00f6lgesindeki hastal\u0131klar\u0131n tan\u0131 ve tedavisini i\u00e7erir.<br>\nDi\u015f \u00e7ekimleri,20 ya\u015f di\u015fi \u00e7ekimleri, g\u00f6m\u00fcl\u00fc di\u015f operasyonlar\u0131, di\u015f eksikliklerinin implantlar ile giderilmesi, \u00e7ene , t\u00fcm\u00f6rlerinin,\u00e7ene ve \u00e7evre dokular\u0131 apse ve kistlerinin saptanmas\u0131 ve tedavisi, protez ve ortodontik tedavi \u00f6ncesi a\u011f\u0131z i\u00e7i dokular\u0131n d\u00fczenlenmesi s\u00f6z konusu oldu\u011funda a\u011f\u0131 d\u015f \u00e7ene cerrahisi b\u00fcy\u00fck \u00f6nem ta\u015f\u0131r.<\/p><p><br><\/p>\n<p>A\u011f\u0131z di\u015f ve \u00e7ene hastal\u0131klar\u0131 ile ilgili cerrahi i\u015flemler klinik ve radyolojik olarak de\u011ferlendirildikten sonra lokal anestezi (b\u00f6lgesel uyu\u015fturma) alt\u0131nda yap\u0131labilece\u011fi gibi, genel anestezi alt\u0131nda da uygulanabilmektedir. Cerrahi i\u015flemlerin uygulanmas\u0131nda hastalar\u0131n konforu, var olan hastal\u0131klar\u0131, tedaviden duyduklar\u0131 kayg\u0131 ve korku g\u00f6z \u00f6n\u00fcnde bulundurulmal\u0131d\u0131r.<\/p>\t\t\t\t\t\t\t\t<\/div>\n\t\t\t\t<\/div>\n\t\t\t\t\t<\/div>\n\t\t<\/div>\n\t\t\t\t<div class=\"elementor-column elementor-col-50 elementor-top-column elementor-element elementor-element-6bee184\" data-id=\"6bee184\" data-element_type=\"column\">\n\t\t\t<div class=\"elementor-widget-wrap elementor-element-populated\">\n\t\t\t\t\t\t<div class=\"elementor-element elementor-element-546a24f elementor-widget elementor-widget-image\" data-id=\"546a24f\" data-element_type=\"widget\" data-widget_type=\"image.default\">\n\t\t\t\t<div class=\"elementor-widget-container\">\n\t\t\t\t\t\t\t\t\t\t\t\t\t\t\t<img decoding=\"async\" width=\"307\" height=\"146\" src=\"https:\/\/guneydent.com\/wp-content\/uploads\/2022\/08\/tedavi.png\" class=\"attachment-full size-full wp-image-36\" alt=\"\" srcset=\"https:\/\/guneydent.com\/wp-content\/uploads\/2022\/08\/tedavi.png 307w, https:\/\/guneydent.com\/wp-content\/uploads\/2022\/08\/tedavi-300x143.png 300w\" sizes=\"(max-width: 307px) 100vw, 307px\" \/>\t\t\t\t\t\t\t\t\t\t\t\t\t\t\t<\/div>\n\t\t\t\t<\/div>\n\t\t\t\t<div class=\"elementor-element elementor-element-3825a40 elementor-position-left elementor-vertical-align-middle elementor-widget-mobile__width-initial elementor-widget elementor-widget-image-box\" data-id=\"3825a40\" data-element_type=\"widget\" data-widget_type=\"image-box.default\">\n\t\t\t\t<div class=\"elementor-widget-container\">\n\t\t\t\t\t<div class=\"elementor-image-box-wrapper\"><figure class=\"elementor-image-box-img\"><a href=\"https:\/\/guneydent.com\/?page_id=271&#038;lang=tr\" tabindex=\"-1\"><img decoding=\"async\" width=\"160\" height=\"159\" src=\"https:\/\/guneydent.com\/wp-content\/uploads\/2022\/08\/037-tooth-whitening.png\" class=\"attachment-full size-full wp-image-34\" alt=\"\" srcset=\"https:\/\/guneydent.com\/wp-content\/uploads\/2022\/08\/037-tooth-whitening.png 160w, https:\/\/guneydent.com\/wp-content\/uploads\/2022\/08\/037-tooth-whitening-150x150.png 150w, https:\/\/guneydent.com\/wp-content\/uploads\/2022\/08\/037-tooth-whitening-100x100.png 100w, https:\/\/guneydent.com\/wp-content\/uploads\/2022\/08\/037-tooth-whitening-140x140.png 140w\" sizes=\"(max-width: 160px) 100vw, 160px\" \/><\/a><\/figure><div class=\"elementor-image-box-content\"><h3 class=\"elementor-image-box-title\"><a href=\"https:\/\/guneydent.com\/?page_id=271&#038;lang=tr\">Estekik Di\u015f Hekimli\u011fi<\/a><\/h3><\/div><\/div>\t\t\t\t<\/div>\n\t\t\t\t<\/div>\n\t\t\t\t<div class=\"elementor-element elementor-element-f96b852 elementor-position-left elementor-vertical-align-middle elementor-widget-mobile__width-initial elementor-widget elementor-widget-image-box\" data-id=\"f96b852\" data-element_type=\"widget\" data-widget_type=\"image-box.default\">\n\t\t\t\t<div class=\"elementor-widget-container\">\n\t\t\t\t\t<div class=\"elementor-image-box-wrapper\"><figure class=\"elementor-image-box-img\"><a href=\"https:\/\/guneydent.com\/?page_id=286&#038;lang=tr\" tabindex=\"-1\"><img decoding=\"async\" width=\"159\" height=\"159\" src=\"https:\/\/guneydent.com\/wp-content\/uploads\/2022\/08\/034-healthy-tooth.png\" class=\"attachment-full size-full wp-image-33\" alt=\"\" srcset=\"https:\/\/guneydent.com\/wp-content\/uploads\/2022\/08\/034-healthy-tooth.png 159w, https:\/\/guneydent.com\/wp-content\/uploads\/2022\/08\/034-healthy-tooth-150x150.png 150w, https:\/\/guneydent.com\/wp-content\/uploads\/2022\/08\/034-healthy-tooth-100x100.png 100w, https:\/\/guneydent.com\/wp-content\/uploads\/2022\/08\/034-healthy-tooth-140x140.png 140w\" sizes=\"(max-width: 159px) 100vw, 159px\" \/><\/a><\/figure><div class=\"elementor-image-box-content\"><h3 class=\"elementor-image-box-title\"><a href=\"https:\/\/guneydent.com\/?page_id=286&#038;lang=tr\">\u0130lk Muayene ve Radyoloji<\/a><\/h3><\/div><\/div>\t\t\t\t<\/div>\n\t\t\t\t<\/div>\n\t\t\t\t<div class=\"elementor-element elementor-element-89c42a9 elementor-position-left elementor-vertical-align-middle elementor-widget-mobile__width-initial elementor-widget elementor-widget-image-box\" data-id=\"89c42a9\" data-element_type=\"widget\" data-widget_type=\"image-box.default\">\n\t\t\t\t<div class=\"elementor-widget-container\">\n\t\t\t\t\t<div class=\"elementor-image-box-wrapper\"><figure class=\"elementor-image-box-img\"><a href=\"https:\/\/guneydent.com\/?page_id=292&#038;lang=tr\" tabindex=\"-1\"><img loading=\"lazy\" decoding=\"async\" width=\"159\" height=\"159\" src=\"https:\/\/guneydent.com\/wp-content\/uploads\/2022\/08\/041-implant.png\" class=\"attachment-full size-full wp-image-35\" alt=\"\" srcset=\"https:\/\/guneydent.com\/wp-content\/uploads\/2022\/08\/041-implant.png 159w, https:\/\/guneydent.com\/wp-content\/uploads\/2022\/08\/041-implant-150x150.png 150w, https:\/\/guneydent.com\/wp-content\/uploads\/2022\/08\/041-implant-100x100.png 100w, https:\/\/guneydent.com\/wp-content\/uploads\/2022\/08\/041-implant-140x140.png 140w\" sizes=\"(max-width: 159px) 100vw, 159px\" \/><\/a><\/figure><div class=\"elementor-image-box-content\"><h3 class=\"elementor-image-box-title\"><a href=\"https:\/\/guneydent.com\/?page_id=292&#038;lang=tr\">Implantoloji<\/a><\/h3><\/div><\/div>\t\t\t\t<\/div>\n\t\t\t\t<\/div>\n\t\t\t\t<div class=\"elementor-element elementor-element-8e0cb9f elementor-position-left elementor-vertical-align-middle elementor-widget-mobile__width-initial elementor-widget elementor-widget-image-box\" data-id=\"8e0cb9f\" data-element_type=\"widget\" data-widget_type=\"image-box.default\">\n\t\t\t\t<div class=\"elementor-widget-container\">\n\t\t\t\t\t<div class=\"elementor-image-box-wrapper\"><figure class=\"elementor-image-box-img\"><a href=\"https:\/\/guneydent.com\/?page_id=298&#038;lang=tr\" tabindex=\"-1\"><img loading=\"lazy\" decoding=\"async\" width=\"159\" height=\"159\" src=\"https:\/\/guneydent.com\/wp-content\/uploads\/2022\/08\/032-crown.png\" class=\"attachment-full size-full wp-image-32\" alt=\"\" srcset=\"https:\/\/guneydent.com\/wp-content\/uploads\/2022\/08\/032-crown.png 159w, https:\/\/guneydent.com\/wp-content\/uploads\/2022\/08\/032-crown-150x150.png 150w, https:\/\/guneydent.com\/wp-content\/uploads\/2022\/08\/032-crown-100x100.png 100w, https:\/\/guneydent.com\/wp-content\/uploads\/2022\/08\/032-crown-140x140.png 140w\" sizes=\"(max-width: 159px) 100vw, 159px\" \/><\/a><\/figure><div class=\"elementor-image-box-content\"><h3 class=\"elementor-image-box-title\"><a href=\"https:\/\/guneydent.com\/?page_id=298&#038;lang=tr\">Protetik Di\u015f Hekimli\u011fi<\/a><\/h3><\/div><\/div>\t\t\t\t<\/div>\n\t\t\t\t<\/div>\n\t\t\t\t<div class=\"elementor-element elementor-element-318ce86 elementor-position-left elementor-vertical-align-middle elementor-widget-mobile__width-initial elementor-widget elementor-widget-image-box\" data-id=\"318ce86\" data-element_type=\"widget\" data-widget_type=\"image-box.default\">\n\t\t\t\t<div class=\"elementor-widget-container\">\n\t\t\t\t\t<div class=\"elementor-image-box-wrapper\"><figure class=\"elementor-image-box-img\"><a href=\"https:\/\/guneydent.com\/?page_id=305&#038;lang=tr\" tabindex=\"-1\"><img loading=\"lazy\" decoding=\"async\" width=\"160\" height=\"159\" src=\"https:\/\/guneydent.com\/wp-content\/uploads\/2022\/08\/dis.png\" class=\"attachment-full size-full wp-image-198\" alt=\"\" srcset=\"https:\/\/guneydent.com\/wp-content\/uploads\/2022\/08\/dis.png 160w, https:\/\/guneydent.com\/wp-content\/uploads\/2022\/08\/dis-150x150.png 150w, https:\/\/guneydent.com\/wp-content\/uploads\/2022\/08\/dis-100x100.png 100w, https:\/\/guneydent.com\/wp-content\/uploads\/2022\/08\/dis-140x140.png 140w\" sizes=\"(max-width: 160px) 100vw, 160px\" \/><\/a><\/figure><div class=\"elementor-image-box-content\"><h3 class=\"elementor-image-box-title\"><a href=\"https:\/\/guneydent.com\/?page_id=305&#038;lang=tr\">Di\u015feti Hastal\u0131klar\u0131 <\/a><\/h3><\/div><\/div>\t\t\t\t<\/div>\n\t\t\t\t<\/div>\n\t\t\t\t<div class=\"elementor-element elementor-element-d89252c elementor-position-left elementor-vertical-align-middle elementor-widget-mobile__width-initial elementor-widget elementor-widget-image-box\" data-id=\"d89252c\" data-element_type=\"widget\" data-widget_type=\"image-box.default\">\n\t\t\t\t<div class=\"elementor-widget-container\">\n\t\t\t\t\t<div class=\"elementor-image-box-wrapper\"><figure class=\"elementor-image-box-img\"><a href=\"https:\/\/guneydent.com\/?page_id=315&#038;lang=tr\" tabindex=\"-1\"><img loading=\"lazy\" decoding=\"async\" width=\"160\" height=\"159\" src=\"https:\/\/guneydent.com\/wp-content\/uploads\/2022\/08\/agiz.png\" class=\"attachment-full size-full wp-image-199\" alt=\"\" srcset=\"https:\/\/guneydent.com\/wp-content\/uploads\/2022\/08\/agiz.png 160w, https:\/\/guneydent.com\/wp-content\/uploads\/2022\/08\/agiz-150x150.png 150w, https:\/\/guneydent.com\/wp-content\/uploads\/2022\/08\/agiz-100x100.png 100w, https:\/\/guneydent.com\/wp-content\/uploads\/2022\/08\/agiz-140x140.png 140w\" sizes=\"(max-width: 160px) 100vw, 160px\" \/><\/a><\/figure><div class=\"elementor-image-box-content\"><h3 class=\"elementor-image-box-title\"><a href=\"https:\/\/guneydent.com\/?page_id=315&#038;lang=tr\">A\u011f\u0131z ve \u00c7ene Cerrahisi<\/a><\/h3><\/div><\/div>\t\t\t\t<\/div>\n\t\t\t\t<\/div>\n\t\t\t\t<div class=\"elementor-element elementor-element-9fbee6e elementor-position-left elementor-vertical-align-middle elementor-widget-mobile__width-initial elementor-widget elementor-widget-image-box\" data-id=\"9fbee6e\" data-element_type=\"widget\" data-widget_type=\"image-box.default\">\n\t\t\t\t<div class=\"elementor-widget-container\">\n\t\t\t\t\t<div class=\"elementor-image-box-wrapper\"><figure class=\"elementor-image-box-img\"><a href=\"https:\/\/guneydent.com\/?page_id=322&#038;lang=tr\" tabindex=\"-1\"><img loading=\"lazy\" decoding=\"async\" width=\"160\" height=\"159\" src=\"https:\/\/guneydent.com\/wp-content\/uploads\/2022\/08\/kanal.png\" class=\"attachment-full size-full wp-image-200\" alt=\"\" srcset=\"https:\/\/guneydent.com\/wp-content\/uploads\/2022\/08\/kanal.png 160w, https:\/\/guneydent.com\/wp-content\/uploads\/2022\/08\/kanal-150x150.png 150w, https:\/\/guneydent.com\/wp-content\/uploads\/2022\/08\/kanal-100x100.png 100w, https:\/\/guneydent.com\/wp-content\/uploads\/2022\/08\/kanal-140x140.png 140w\" sizes=\"(max-width: 160px) 100vw, 160px\" \/><\/a><\/figure><div class=\"elementor-image-box-content\"><h3 class=\"elementor-image-box-title\"><a href=\"https:\/\/guneydent.com\/?page_id=322&#038;lang=tr\">Endodonti<\/a><\/h3><\/div><\/div>\t\t\t\t<\/div>\n\t\t\t\t<\/div>\n\t\t\t\t<div class=\"elementor-element elementor-element-8a1b1b9 elementor-position-left elementor-vertical-align-middle elementor-widget-mobile__width-initial elementor-widget elementor-widget-image-box\" data-id=\"8a1b1b9\" data-element_type=\"widget\" data-widget_type=\"image-box.default\">\n\t\t\t\t<div class=\"elementor-widget-container\">\n\t\t\t\t\t<div class=\"elementor-image-box-wrapper\"><figure class=\"elementor-image-box-img\"><a href=\"https:\/\/guneydent.com\/?page_id=328&#038;lang=tr\" tabindex=\"-1\"><img loading=\"lazy\" decoding=\"async\" width=\"160\" height=\"159\" src=\"https:\/\/guneydent.com\/wp-content\/uploads\/2022\/08\/orto.png\" class=\"attachment-full size-full wp-image-202\" alt=\"\" srcset=\"https:\/\/guneydent.com\/wp-content\/uploads\/2022\/08\/orto.png 160w, https:\/\/guneydent.com\/wp-content\/uploads\/2022\/08\/orto-150x150.png 150w, https:\/\/guneydent.com\/wp-content\/uploads\/2022\/08\/orto-100x100.png 100w, https:\/\/guneydent.com\/wp-content\/uploads\/2022\/08\/orto-140x140.png 140w\" sizes=\"(max-width: 160px) 100vw, 160px\" \/><\/a><\/figure><div class=\"elementor-image-box-content\"><h3 class=\"elementor-image-box-title\"><a href=\"https:\/\/guneydent.com\/?page_id=328&#038;lang=tr\">Ortodonti<\/a><\/h3><\/div><\/div>\t\t\t\t<\/div>\n\t\t\t\t<\/div>\n\t\t\t\t<div class=\"elementor-element elementor-element-fae391d elementor-position-left elementor-vertical-align-middle elementor-widget-mobile__width-initial elementor-widget elementor-widget-image-box\" data-id=\"fae391d\" data-element_type=\"widget\" data-widget_type=\"image-box.default\">\n\t\t\t\t<div class=\"elementor-widget-container\">\n\t\t\t\t\t<div class=\"elementor-image-box-wrapper\"><figure class=\"elementor-image-box-img\"><a href=\"https:\/\/guneydent.com\/?page_id=334&#038;lang=tr\" tabindex=\"-1\"><img loading=\"lazy\" decoding=\"async\" width=\"160\" height=\"159\" src=\"https:\/\/guneydent.com\/wp-content\/uploads\/2022\/08\/peri.png\" class=\"attachment-full size-full wp-image-203\" alt=\"\" srcset=\"https:\/\/guneydent.com\/wp-content\/uploads\/2022\/08\/peri.png 160w, https:\/\/guneydent.com\/wp-content\/uploads\/2022\/08\/peri-150x150.png 150w, https:\/\/guneydent.com\/wp-content\/uploads\/2022\/08\/peri-100x100.png 100w, https:\/\/guneydent.com\/wp-content\/uploads\/2022\/08\/peri-140x140.png 140w\" sizes=\"(max-width: 160px) 100vw, 160px\" \/><\/a><\/figure><div class=\"elementor-image-box-content\"><h3 class=\"elementor-image-box-title\"><a href=\"https:\/\/guneydent.com\/?page_id=334&#038;lang=tr\">Periodontoloji<\/a><\/h3><\/div><\/div>\t\t\t\t<\/div>\n\t\t\t\t<\/div>\n\t\t\t\t<div class=\"elementor-element elementor-element-86efabe elementor-position-left elementor-vertical-align-middle elementor-widget-mobile__width-initial elementor-widget elementor-widget-image-box\" data-id=\"86efabe\" data-element_type=\"widget\" data-widget_type=\"image-box.default\">\n\t\t\t\t<div class=\"elementor-widget-container\">\n\t\t\t\t\t<div class=\"elementor-image-box-wrapper\"><figure class=\"elementor-image-box-img\"><img loading=\"lazy\" decoding=\"async\" width=\"160\" height=\"159\" src=\"https:\/\/guneydent.com\/wp-content\/uploads\/2022\/08\/seffaf.png\" class=\"attachment-full size-full wp-image-204\" alt=\"\" srcset=\"https:\/\/guneydent.com\/wp-content\/uploads\/2022\/08\/seffaf.png 160w, https:\/\/guneydent.com\/wp-content\/uploads\/2022\/08\/seffaf-150x150.png 150w, https:\/\/guneydent.com\/wp-content\/uploads\/2022\/08\/seffaf-100x100.png 100w, https:\/\/guneydent.com\/wp-content\/uploads\/2022\/08\/seffaf-140x140.png 140w\" sizes=\"(max-width: 160px) 100vw, 160px\" \/><\/figure><div class=\"elementor-image-box-content\"><h3 class=\"elementor-image-box-title\">\u015eeffaf Aparey<\/h3><\/div><\/div>\t\t\t\t<\/div>\n\t\t\t\t<\/div>\n\t\t\t\t<div class=\"elementor-element elementor-element-b2d9cb9 elementor-position-left elementor-vertical-align-middle elementor-widget-mobile__width-initial elementor-widget elementor-widget-image-box\" data-id=\"b2d9cb9\" data-element_type=\"widget\" data-widget_type=\"image-box.default\">\n\t\t\t\t<div class=\"elementor-widget-container\">\n\t\t\t\t\t<div class=\"elementor-image-box-wrapper\"><figure class=\"elementor-image-box-img\"><img loading=\"lazy\" decoding=\"async\" width=\"160\" height=\"159\" src=\"https:\/\/guneydent.com\/wp-content\/uploads\/2022\/08\/laser.png\" class=\"attachment-full size-full wp-image-201\" alt=\"\" srcset=\"https:\/\/guneydent.com\/wp-content\/uploads\/2022\/08\/laser.png 160w, https:\/\/guneydent.com\/wp-content\/uploads\/2022\/08\/laser-150x150.png 150w, https:\/\/guneydent.com\/wp-content\/uploads\/2022\/08\/laser-100x100.png 100w, https:\/\/guneydent.com\/wp-content\/uploads\/2022\/08\/laser-140x140.png 140w\" sizes=\"(max-width: 160px) 100vw, 160px\" \/><\/figure><div class=\"elementor-image-box-content\"><h3 class=\"elementor-image-box-title\">Lazer ve Di\u015feti Tedavileri<\/h3><\/div><\/div>\t\t\t\t<\/div>\n\t\t\t\t<\/div>\n\t\t\t\t<div class=\"elementor-element elementor-element-5e7a44d elementor-position-left elementor-vertical-align-middle elementor-widget-mobile__width-initial elementor-widget elementor-widget-image-box\" data-id=\"5e7a44d\" data-element_type=\"widget\" data-widget_type=\"image-box.default\">\n\t\t\t\t<div class=\"elementor-widget-container\">\n\t\t\t\t\t<div class=\"elementor-image-box-wrapper\"><figure class=\"elementor-image-box-img\"><a href=\"https:\/\/guneydent.com\/tr\/gulus-tasarim\/\" tabindex=\"-1\"><img loading=\"lazy\" decoding=\"async\" width=\"160\" height=\"159\" src=\"https:\/\/guneydent.com\/wp-content\/uploads\/2022\/08\/smile.png\" class=\"attachment-full size-full wp-image-205\" alt=\"\" srcset=\"https:\/\/guneydent.com\/wp-content\/uploads\/2022\/08\/smile.png 160w, https:\/\/guneydent.com\/wp-content\/uploads\/2022\/08\/smile-150x150.png 150w, https:\/\/guneydent.com\/wp-content\/uploads\/2022\/08\/smile-100x100.png 100w, https:\/\/guneydent.com\/wp-content\/uploads\/2022\/08\/smile-140x140.png 140w\" sizes=\"(max-width: 160px) 100vw, 160px\" \/><\/a><\/figure><div class=\"elementor-image-box-content\"><h3 class=\"elementor-image-box-title\"><a href=\"https:\/\/guneydent.com\/tr\/gulus-tasarim\/\">G\u00fcl\u00fc\u015f Tasar\u0131m\u0131<\/a><\/h3><\/div><\/div>\t\t\t\t<\/div>\n\t\t\t\t<\/div>\n\t\t\t\t\t<\/div>\n\t\t<\/div>\n\t\t\t\t\t<\/div>\n\t\t<\/section>\n\t\t\t\t<\/div>\n\t\t","protected":false},"excerpt":{"rendered":"<p>A\u011f\u0131z Di\u015f ve \u00c7ene Cerrahisi a\u011f\u0131z, di\u015f ve \u00e7ene b\u00f6lgesindeki hastal\u0131klar\u0131n tan\u0131 ve tedavisini i\u00e7erir. Di\u015f \u00e7ekimleri,20 ya\u015f di\u015fi \u00e7ekimleri, g\u00f6m\u00fcl\u00fc di\u015f operasyonlar\u0131, di\u015f eksikliklerinin implantlar ile giderilmesi, \u00e7ene ,&#8230;<\/p>\n","protected":false},"author":1,"featured_media":0,"parent":0,"menu_order":0,"comment_status":"closed","ping_status":"closed","template":"elementor_header_footer","meta":{"footnotes":""},"class_list":["post-315","page","type-page","status-publish"],"lang":"tr","translations":{"en":524,"tr":315,"ar":896},"pll_sync_post":[],"_links":{"self":[{"href":"https:\/\/guneydent.com\/index.php?rest_route=\/wp\/v2\/pages\/315","targetHints":{"allow":["GET"]}}],"collection":[{"href":"https:\/\/guneydent.com\/index.php?rest_route=\/wp\/v2\/pages"}],"about":[{"href":"https:\/\/guneydent.com\/index.php?rest_route=\/wp\/v2\/types\/page"}],"author":[{"embeddable":true,"href":"https:\/\/guneydent.com\/index.php?rest_route=\/wp\/v2\/users\/1"}],"replies":[{"embeddable":true,"href":"https:\/\/guneydent.com\/index.php?rest_route=%2Fwp%2Fv2%2Fcomments&post=315"}],"version-history":[{"count":26,"href":"https:\/\/guneydent.com\/index.php?rest_route=\/wp\/v2\/pages\/315\/revisions"}],"predecessor-version":[{"id":1599,"href":"https:\/\/guneydent.com\/index.php?rest_route=\/wp\/v2\/pages\/315\/revisions\/1599"}],"wp:attachment":[{"href":"https:\/\/guneydent.com\/index.php?rest_route=%2Fwp%2Fv2%2Fmedia&parent=315"}],"curies":[{"name":"wp","href":"https:\/\/api.w.org\/{rel}","templated":true}]}}