{"id":305,"date":"2022-08-23T16:04:29","date_gmt":"2022-08-23T16:04:29","guid":{"rendered":"https:\/\/guneydent.com\/wp\/?page_id=305"},"modified":"2023-05-12T10:33:01","modified_gmt":"2023-05-12T10:33:01","slug":"diseti-hastaliklari-ve-tedavisi","status":"publish","type":"page","link":"https:\/\/guneydent.com\/?page_id=305&lang=tr","title":{"rendered":"Di\u015feti Hastal\u0131klar\u0131 ve Tedavisi"},"content":{"rendered":"\t\t<div data-elementor-type=\"wp-page\" data-elementor-id=\"305\" class=\"elementor elementor-305\" data-elementor-post-type=\"page\">\n\t\t\t\t\t\t<section class=\"elementor-section elementor-top-section elementor-element elementor-element-d9081b4 elementor-section-full_width elementor-section-height-min-height elementor-section-height-default elementor-section-items-middle\" data-id=\"d9081b4\" data-element_type=\"section\" data-settings=\"{&quot;background_background&quot;:&quot;classic&quot;}\">\n\t\t\t\t\t\t<div class=\"elementor-container elementor-column-gap-default\">\n\t\t\t\t\t<div class=\"elementor-column elementor-col-100 elementor-top-column elementor-element elementor-element-c8deb91\" data-id=\"c8deb91\" data-element_type=\"column\">\n\t\t\t<div class=\"elementor-widget-wrap\">\n\t\t\t\t\t\t\t<\/div>\n\t\t<\/div>\n\t\t\t\t\t<\/div>\n\t\t<\/section>\n\t\t\t\t<section class=\"elementor-section elementor-top-section elementor-element elementor-element-4a286cf elementor-section-boxed elementor-section-height-default elementor-section-height-default\" data-id=\"4a286cf\" data-element_type=\"section\">\n\t\t\t\t\t\t<div class=\"elementor-container elementor-column-gap-default\">\n\t\t\t\t\t<div class=\"elementor-column elementor-col-100 elementor-top-column elementor-element elementor-element-3977782\" data-id=\"3977782\" data-element_type=\"column\" data-settings=\"{&quot;background_background&quot;:&quot;gradient&quot;}\">\n\t\t\t<div class=\"elementor-widget-wrap\">\n\t\t\t\t\t\t\t<\/div>\n\t\t<\/div>\n\t\t\t\t\t<\/div>\n\t\t<\/section>\n\t\t\t\t<section class=\"elementor-section elementor-top-section elementor-element elementor-element-2602c05 elementor-section-boxed elementor-section-height-default elementor-section-height-default\" data-id=\"2602c05\" data-element_type=\"section\">\n\t\t\t\t\t\t<div class=\"elementor-container elementor-column-gap-default\">\n\t\t\t\t\t<div class=\"elementor-column elementor-col-50 elementor-top-column elementor-element elementor-element-656b500\" data-id=\"656b500\" data-element_type=\"column\">\n\t\t\t<div class=\"elementor-widget-wrap elementor-element-populated\">\n\t\t\t\t\t\t<div class=\"elementor-element elementor-element-c2ffe50 elementor-widget elementor-widget-heading\" data-id=\"c2ffe50\" data-element_type=\"widget\" data-widget_type=\"heading.default\">\n\t\t\t\t<div class=\"elementor-widget-container\">\n\t\t\t\t\t<h2 class=\"elementor-heading-title elementor-size-default\">Di\u015feti Hastal\u0131klar\u0131 ve Tedavisi<\/h2>\t\t\t\t<\/div>\n\t\t\t\t<\/div>\n\t\t\t\t<div class=\"elementor-element elementor-element-8920319 elementor-widget elementor-widget-text-editor\" data-id=\"8920319\" data-element_type=\"widget\" data-widget_type=\"text-editor.default\">\n\t\t\t\t<div class=\"elementor-widget-container\">\n\t\t\t\t\t\t\t\t\t<p>Di\u015f \u00e7\u00fcr\u00fcklerinin te\u015fhis tedavisi ve pronozu ile ilgilidir.<br>\nDi\u015fin a\u011f\u0131zda g\u00f6r\u00fcnen k\u0131sm\u0131na kuron, a\u011f\u0131zda g\u00f6r\u00fcnmeyen, kemik i\u00e7inde kalan k\u0131sm\u0131na da k\u00f6k ad\u0131 verilir. Di\u015fimiz birka\u00e7 tabakadan olu\u015fur. Kuron k\u0131sm\u0131n\u0131n en d\u0131\u015f\u0131nda yani a\u011fz\u0131m\u0131zda g\u00f6r\u00fclen k\u0131s\u0131m mine ad\u0131n\u0131 al\u0131r. Di\u015fimizin di\u015f eti alt\u0131nda kalan ve kemik ile \u00e7evrelenen k\u00f6k k\u0131sm\u0131n\u0131n \u00fczerini sement tabakas\u0131 \u00f6rter. Di\u015f mine ve sement tabakalar\u0131n\u0131n alt\u0131nda da dentin tabakas\u0131 vard\u0131r.<\/p><p><br><\/p>\n<p>Dentinin \u00f6zelli\u011fi, di\u015fin en b\u00fcy\u00fck tabakas\u0131d\u0131r ve mine tabakas\u0131n\u0131n aksine sinir u\u00e7lar\u0131n\u0131 bar\u0131nd\u0131r\u0131r. Bu \u00f6zelli\u011fi ile a\u011fr\u0131 mekanizmas\u0131nda rol oynamaktad\u0131r. Dentin tabakas\u0131n\u0131n alt\u0131nda di\u015f pulpas\u0131 vard\u0131r. Bu k\u0131s\u0131mda di\u015fin damar ve sinirleri bulunur.<\/p><p><br><\/p>\n<p>Pulpa di\u015fin s\u00fcrmesi ve geli\u015fmesi s\u0131ras\u0131nda \u00f6nemli bir rol oynar. Ayr\u0131ca di\u015f s\u00fcrd\u00fckten sonra da a\u011fr\u0131 mekanizmas\u0131 ile di\u015fimizin kar\u015f\u0131la\u015ft\u0131\u011f\u0131 sorunlar\u0131 bize iletir. E\u011fer \u00e7\u00fcr\u00fck di\u015fin pulpas\u0131na ula\u015fmad\u0131ysa c\u00fcr\u00fck temizlenir. Ve yerine bir kaide \u00fczerine direk olarak kompozit dolgu yap\u0131labir yada indirek olarak \u00f6l\u00e7\u00fc al\u0131narak porselen dolgu(porselen inley)ya da kompozit inley dolgularla restore edilir. Ancak \u00e7\u00fcr\u00fck pulpaya ula\u015ft\u0131ysa endodontik tedavi yap\u0131l\u0131r.<\/p>\t\t\t\t\t\t\t\t<\/div>\n\t\t\t\t<\/div>\n\t\t\t\t\t<\/div>\n\t\t<\/div>\n\t\t\t\t<div class=\"elementor-column elementor-col-50 elementor-top-column elementor-element elementor-element-0730635\" data-id=\"0730635\" data-element_type=\"column\">\n\t\t\t<div class=\"elementor-widget-wrap elementor-element-populated\">\n\t\t\t\t\t\t<div class=\"elementor-element elementor-element-e5155bb elementor-widget elementor-widget-image\" data-id=\"e5155bb\" data-element_type=\"widget\" data-widget_type=\"image.default\">\n\t\t\t\t<div class=\"elementor-widget-container\">\n\t\t\t\t\t\t\t\t\t\t\t\t\t\t\t<img decoding=\"async\" width=\"307\" height=\"146\" src=\"https:\/\/guneydent.com\/wp-content\/uploads\/2022\/08\/tedavi.png\" class=\"attachment-full size-full wp-image-36\" alt=\"\" srcset=\"https:\/\/guneydent.com\/wp-content\/uploads\/2022\/08\/tedavi.png 307w, https:\/\/guneydent.com\/wp-content\/uploads\/2022\/08\/tedavi-300x143.png 300w\" sizes=\"(max-width: 307px) 100vw, 307px\" \/>\t\t\t\t\t\t\t\t\t\t\t\t\t\t\t<\/div>\n\t\t\t\t<\/div>\n\t\t\t\t<div class=\"elementor-element elementor-element-5f7c377 elementor-position-left elementor-vertical-align-middle elementor-widget-mobile__width-initial elementor-widget elementor-widget-image-box\" data-id=\"5f7c377\" data-element_type=\"widget\" data-widget_type=\"image-box.default\">\n\t\t\t\t<div class=\"elementor-widget-container\">\n\t\t\t\t\t<div class=\"elementor-image-box-wrapper\"><figure class=\"elementor-image-box-img\"><a href=\"https:\/\/guneydent.com\/?page_id=271&#038;lang=tr\" tabindex=\"-1\"><img decoding=\"async\" width=\"160\" height=\"159\" src=\"https:\/\/guneydent.com\/wp-content\/uploads\/2022\/08\/037-tooth-whitening.png\" class=\"attachment-full size-full wp-image-34\" alt=\"\" srcset=\"https:\/\/guneydent.com\/wp-content\/uploads\/2022\/08\/037-tooth-whitening.png 160w, https:\/\/guneydent.com\/wp-content\/uploads\/2022\/08\/037-tooth-whitening-150x150.png 150w, https:\/\/guneydent.com\/wp-content\/uploads\/2022\/08\/037-tooth-whitening-100x100.png 100w, https:\/\/guneydent.com\/wp-content\/uploads\/2022\/08\/037-tooth-whitening-140x140.png 140w\" sizes=\"(max-width: 160px) 100vw, 160px\" \/><\/a><\/figure><div class=\"elementor-image-box-content\"><h3 class=\"elementor-image-box-title\"><a href=\"https:\/\/guneydent.com\/?page_id=271&#038;lang=tr\">Estekik Di\u015f Hekimli\u011fi<\/a><\/h3><\/div><\/div>\t\t\t\t<\/div>\n\t\t\t\t<\/div>\n\t\t\t\t<div class=\"elementor-element elementor-element-d05b52d elementor-position-left elementor-vertical-align-middle elementor-widget-mobile__width-initial elementor-widget elementor-widget-image-box\" data-id=\"d05b52d\" data-element_type=\"widget\" data-widget_type=\"image-box.default\">\n\t\t\t\t<div class=\"elementor-widget-container\">\n\t\t\t\t\t<div class=\"elementor-image-box-wrapper\"><figure class=\"elementor-image-box-img\"><a href=\"https:\/\/guneydent.com\/?page_id=286&#038;lang=tr\" tabindex=\"-1\"><img decoding=\"async\" width=\"159\" height=\"159\" src=\"https:\/\/guneydent.com\/wp-content\/uploads\/2022\/08\/034-healthy-tooth.png\" class=\"attachment-full size-full wp-image-33\" alt=\"\" srcset=\"https:\/\/guneydent.com\/wp-content\/uploads\/2022\/08\/034-healthy-tooth.png 159w, https:\/\/guneydent.com\/wp-content\/uploads\/2022\/08\/034-healthy-tooth-150x150.png 150w, https:\/\/guneydent.com\/wp-content\/uploads\/2022\/08\/034-healthy-tooth-100x100.png 100w, https:\/\/guneydent.com\/wp-content\/uploads\/2022\/08\/034-healthy-tooth-140x140.png 140w\" sizes=\"(max-width: 159px) 100vw, 159px\" \/><\/a><\/figure><div class=\"elementor-image-box-content\"><h3 class=\"elementor-image-box-title\"><a href=\"https:\/\/guneydent.com\/?page_id=286&#038;lang=tr\">\u0130lk Muayene ve Radyoloji<\/a><\/h3><\/div><\/div>\t\t\t\t<\/div>\n\t\t\t\t<\/div>\n\t\t\t\t<div class=\"elementor-element elementor-element-4fb3d78 elementor-position-left elementor-vertical-align-middle elementor-widget-mobile__width-initial elementor-widget elementor-widget-image-box\" data-id=\"4fb3d78\" data-element_type=\"widget\" data-widget_type=\"image-box.default\">\n\t\t\t\t<div class=\"elementor-widget-container\">\n\t\t\t\t\t<div class=\"elementor-image-box-wrapper\"><figure class=\"elementor-image-box-img\"><a href=\"https:\/\/guneydent.com\/?page_id=292&#038;lang=tr\" tabindex=\"-1\"><img loading=\"lazy\" decoding=\"async\" width=\"159\" height=\"159\" src=\"https:\/\/guneydent.com\/wp-content\/uploads\/2022\/08\/041-implant.png\" class=\"attachment-full size-full wp-image-35\" alt=\"\" srcset=\"https:\/\/guneydent.com\/wp-content\/uploads\/2022\/08\/041-implant.png 159w, https:\/\/guneydent.com\/wp-content\/uploads\/2022\/08\/041-implant-150x150.png 150w, https:\/\/guneydent.com\/wp-content\/uploads\/2022\/08\/041-implant-100x100.png 100w, https:\/\/guneydent.com\/wp-content\/uploads\/2022\/08\/041-implant-140x140.png 140w\" sizes=\"(max-width: 159px) 100vw, 159px\" \/><\/a><\/figure><div class=\"elementor-image-box-content\"><h3 class=\"elementor-image-box-title\"><a href=\"https:\/\/guneydent.com\/?page_id=292&#038;lang=tr\">Implantoloji<\/a><\/h3><\/div><\/div>\t\t\t\t<\/div>\n\t\t\t\t<\/div>\n\t\t\t\t<div class=\"elementor-element elementor-element-baf84a4 elementor-position-left elementor-vertical-align-middle elementor-widget-mobile__width-initial elementor-widget elementor-widget-image-box\" data-id=\"baf84a4\" data-element_type=\"widget\" data-widget_type=\"image-box.default\">\n\t\t\t\t<div class=\"elementor-widget-container\">\n\t\t\t\t\t<div class=\"elementor-image-box-wrapper\"><figure class=\"elementor-image-box-img\"><a href=\"https:\/\/guneydent.com\/?page_id=298&#038;lang=tr\" tabindex=\"-1\"><img loading=\"lazy\" decoding=\"async\" width=\"159\" height=\"159\" src=\"https:\/\/guneydent.com\/wp-content\/uploads\/2022\/08\/032-crown.png\" class=\"attachment-full size-full wp-image-32\" alt=\"\" srcset=\"https:\/\/guneydent.com\/wp-content\/uploads\/2022\/08\/032-crown.png 159w, https:\/\/guneydent.com\/wp-content\/uploads\/2022\/08\/032-crown-150x150.png 150w, https:\/\/guneydent.com\/wp-content\/uploads\/2022\/08\/032-crown-100x100.png 100w, https:\/\/guneydent.com\/wp-content\/uploads\/2022\/08\/032-crown-140x140.png 140w\" sizes=\"(max-width: 159px) 100vw, 159px\" \/><\/a><\/figure><div class=\"elementor-image-box-content\"><h3 class=\"elementor-image-box-title\"><a href=\"https:\/\/guneydent.com\/?page_id=298&#038;lang=tr\">Protetik Di\u015f Hekimli\u011fi<\/a><\/h3><\/div><\/div>\t\t\t\t<\/div>\n\t\t\t\t<\/div>\n\t\t\t\t<div class=\"elementor-element elementor-element-412e8b6 elementor-position-left elementor-vertical-align-middle elementor-widget-mobile__width-initial elementor-widget elementor-widget-image-box\" data-id=\"412e8b6\" data-element_type=\"widget\" data-widget_type=\"image-box.default\">\n\t\t\t\t<div class=\"elementor-widget-container\">\n\t\t\t\t\t<div class=\"elementor-image-box-wrapper\"><figure class=\"elementor-image-box-img\"><a href=\"https:\/\/guneydent.com\/?page_id=305&#038;lang=tr\" tabindex=\"-1\"><img loading=\"lazy\" decoding=\"async\" width=\"160\" height=\"159\" src=\"https:\/\/guneydent.com\/wp-content\/uploads\/2022\/08\/dis.png\" class=\"attachment-full size-full wp-image-198\" alt=\"\" srcset=\"https:\/\/guneydent.com\/wp-content\/uploads\/2022\/08\/dis.png 160w, https:\/\/guneydent.com\/wp-content\/uploads\/2022\/08\/dis-150x150.png 150w, https:\/\/guneydent.com\/wp-content\/uploads\/2022\/08\/dis-100x100.png 100w, https:\/\/guneydent.com\/wp-content\/uploads\/2022\/08\/dis-140x140.png 140w\" sizes=\"(max-width: 160px) 100vw, 160px\" \/><\/a><\/figure><div class=\"elementor-image-box-content\"><h3 class=\"elementor-image-box-title\"><a href=\"https:\/\/guneydent.com\/?page_id=305&#038;lang=tr\">Di\u015feti Hastal\u0131klar\u0131 <\/a><\/h3><\/div><\/div>\t\t\t\t<\/div>\n\t\t\t\t<\/div>\n\t\t\t\t<div class=\"elementor-element elementor-element-7652f71 elementor-position-left elementor-vertical-align-middle elementor-widget-mobile__width-initial elementor-widget elementor-widget-image-box\" data-id=\"7652f71\" data-element_type=\"widget\" data-widget_type=\"image-box.default\">\n\t\t\t\t<div class=\"elementor-widget-container\">\n\t\t\t\t\t<div class=\"elementor-image-box-wrapper\"><figure class=\"elementor-image-box-img\"><a href=\"https:\/\/guneydent.com\/?page_id=315&#038;lang=tr\" tabindex=\"-1\"><img loading=\"lazy\" decoding=\"async\" width=\"160\" height=\"159\" src=\"https:\/\/guneydent.com\/wp-content\/uploads\/2022\/08\/agiz.png\" class=\"attachment-full size-full wp-image-199\" alt=\"\" srcset=\"https:\/\/guneydent.com\/wp-content\/uploads\/2022\/08\/agiz.png 160w, https:\/\/guneydent.com\/wp-content\/uploads\/2022\/08\/agiz-150x150.png 150w, https:\/\/guneydent.com\/wp-content\/uploads\/2022\/08\/agiz-100x100.png 100w, https:\/\/guneydent.com\/wp-content\/uploads\/2022\/08\/agiz-140x140.png 140w\" sizes=\"(max-width: 160px) 100vw, 160px\" \/><\/a><\/figure><div class=\"elementor-image-box-content\"><h3 class=\"elementor-image-box-title\"><a href=\"https:\/\/guneydent.com\/?page_id=315&#038;lang=tr\">A\u011f\u0131z ve \u00c7ene Cerrahisi<\/a><\/h3><\/div><\/div>\t\t\t\t<\/div>\n\t\t\t\t<\/div>\n\t\t\t\t<div class=\"elementor-element elementor-element-5761aac elementor-position-left elementor-vertical-align-middle elementor-widget-mobile__width-initial elementor-widget elementor-widget-image-box\" data-id=\"5761aac\" data-element_type=\"widget\" data-widget_type=\"image-box.default\">\n\t\t\t\t<div class=\"elementor-widget-container\">\n\t\t\t\t\t<div class=\"elementor-image-box-wrapper\"><figure class=\"elementor-image-box-img\"><a href=\"https:\/\/guneydent.com\/?page_id=322&#038;lang=tr\" tabindex=\"-1\"><img loading=\"lazy\" decoding=\"async\" width=\"160\" height=\"159\" src=\"https:\/\/guneydent.com\/wp-content\/uploads\/2022\/08\/kanal.png\" class=\"attachment-full size-full wp-image-200\" alt=\"\" srcset=\"https:\/\/guneydent.com\/wp-content\/uploads\/2022\/08\/kanal.png 160w, https:\/\/guneydent.com\/wp-content\/uploads\/2022\/08\/kanal-150x150.png 150w, https:\/\/guneydent.com\/wp-content\/uploads\/2022\/08\/kanal-100x100.png 100w, https:\/\/guneydent.com\/wp-content\/uploads\/2022\/08\/kanal-140x140.png 140w\" sizes=\"(max-width: 160px) 100vw, 160px\" \/><\/a><\/figure><div class=\"elementor-image-box-content\"><h3 class=\"elementor-image-box-title\"><a href=\"https:\/\/guneydent.com\/?page_id=322&#038;lang=tr\">Endodonti<\/a><\/h3><\/div><\/div>\t\t\t\t<\/div>\n\t\t\t\t<\/div>\n\t\t\t\t<div class=\"elementor-element elementor-element-a67bab0 elementor-position-left elementor-vertical-align-middle elementor-widget-mobile__width-initial elementor-widget elementor-widget-image-box\" data-id=\"a67bab0\" data-element_type=\"widget\" data-widget_type=\"image-box.default\">\n\t\t\t\t<div class=\"elementor-widget-container\">\n\t\t\t\t\t<div class=\"elementor-image-box-wrapper\"><figure class=\"elementor-image-box-img\"><a href=\"https:\/\/guneydent.com\/?page_id=328&#038;lang=tr\" tabindex=\"-1\"><img loading=\"lazy\" decoding=\"async\" width=\"160\" height=\"159\" src=\"https:\/\/guneydent.com\/wp-content\/uploads\/2022\/08\/orto.png\" class=\"attachment-full size-full wp-image-202\" alt=\"\" srcset=\"https:\/\/guneydent.com\/wp-content\/uploads\/2022\/08\/orto.png 160w, https:\/\/guneydent.com\/wp-content\/uploads\/2022\/08\/orto-150x150.png 150w, https:\/\/guneydent.com\/wp-content\/uploads\/2022\/08\/orto-100x100.png 100w, https:\/\/guneydent.com\/wp-content\/uploads\/2022\/08\/orto-140x140.png 140w\" sizes=\"(max-width: 160px) 100vw, 160px\" \/><\/a><\/figure><div class=\"elementor-image-box-content\"><h3 class=\"elementor-image-box-title\"><a href=\"https:\/\/guneydent.com\/?page_id=328&#038;lang=tr\">Ortodonti<\/a><\/h3><\/div><\/div>\t\t\t\t<\/div>\n\t\t\t\t<\/div>\n\t\t\t\t<div class=\"elementor-element elementor-element-11373dc elementor-position-left elementor-vertical-align-middle elementor-widget-mobile__width-initial elementor-widget elementor-widget-image-box\" data-id=\"11373dc\" data-element_type=\"widget\" data-widget_type=\"image-box.default\">\n\t\t\t\t<div class=\"elementor-widget-container\">\n\t\t\t\t\t<div class=\"elementor-image-box-wrapper\"><figure class=\"elementor-image-box-img\"><a href=\"https:\/\/guneydent.com\/?page_id=334&#038;lang=tr\" tabindex=\"-1\"><img loading=\"lazy\" decoding=\"async\" width=\"160\" height=\"159\" src=\"https:\/\/guneydent.com\/wp-content\/uploads\/2022\/08\/peri.png\" class=\"attachment-full size-full wp-image-203\" alt=\"\" srcset=\"https:\/\/guneydent.com\/wp-content\/uploads\/2022\/08\/peri.png 160w, https:\/\/guneydent.com\/wp-content\/uploads\/2022\/08\/peri-150x150.png 150w, https:\/\/guneydent.com\/wp-content\/uploads\/2022\/08\/peri-100x100.png 100w, https:\/\/guneydent.com\/wp-content\/uploads\/2022\/08\/peri-140x140.png 140w\" sizes=\"(max-width: 160px) 100vw, 160px\" \/><\/a><\/figure><div class=\"elementor-image-box-content\"><h3 class=\"elementor-image-box-title\"><a href=\"https:\/\/guneydent.com\/?page_id=334&#038;lang=tr\">Periodontoloji<\/a><\/h3><\/div><\/div>\t\t\t\t<\/div>\n\t\t\t\t<\/div>\n\t\t\t\t<div class=\"elementor-element elementor-element-38f9931 elementor-position-left elementor-vertical-align-middle elementor-widget-mobile__width-initial elementor-widget elementor-widget-image-box\" data-id=\"38f9931\" data-element_type=\"widget\" data-widget_type=\"image-box.default\">\n\t\t\t\t<div class=\"elementor-widget-container\">\n\t\t\t\t\t<div class=\"elementor-image-box-wrapper\"><figure class=\"elementor-image-box-img\"><img loading=\"lazy\" decoding=\"async\" width=\"160\" height=\"159\" src=\"https:\/\/guneydent.com\/wp-content\/uploads\/2022\/08\/seffaf.png\" class=\"attachment-full size-full wp-image-204\" alt=\"\" srcset=\"https:\/\/guneydent.com\/wp-content\/uploads\/2022\/08\/seffaf.png 160w, https:\/\/guneydent.com\/wp-content\/uploads\/2022\/08\/seffaf-150x150.png 150w, https:\/\/guneydent.com\/wp-content\/uploads\/2022\/08\/seffaf-100x100.png 100w, https:\/\/guneydent.com\/wp-content\/uploads\/2022\/08\/seffaf-140x140.png 140w\" sizes=\"(max-width: 160px) 100vw, 160px\" \/><\/figure><div class=\"elementor-image-box-content\"><h3 class=\"elementor-image-box-title\">\u015eeffaf Aparey<\/h3><\/div><\/div>\t\t\t\t<\/div>\n\t\t\t\t<\/div>\n\t\t\t\t<div class=\"elementor-element elementor-element-a594df1 elementor-position-left elementor-vertical-align-middle elementor-widget-mobile__width-initial elementor-widget elementor-widget-image-box\" data-id=\"a594df1\" data-element_type=\"widget\" data-widget_type=\"image-box.default\">\n\t\t\t\t<div class=\"elementor-widget-container\">\n\t\t\t\t\t<div class=\"elementor-image-box-wrapper\"><figure class=\"elementor-image-box-img\"><img loading=\"lazy\" decoding=\"async\" width=\"160\" height=\"159\" src=\"https:\/\/guneydent.com\/wp-content\/uploads\/2022\/08\/laser.png\" class=\"attachment-full size-full wp-image-201\" alt=\"\" srcset=\"https:\/\/guneydent.com\/wp-content\/uploads\/2022\/08\/laser.png 160w, https:\/\/guneydent.com\/wp-content\/uploads\/2022\/08\/laser-150x150.png 150w, https:\/\/guneydent.com\/wp-content\/uploads\/2022\/08\/laser-100x100.png 100w, https:\/\/guneydent.com\/wp-content\/uploads\/2022\/08\/laser-140x140.png 140w\" sizes=\"(max-width: 160px) 100vw, 160px\" \/><\/figure><div class=\"elementor-image-box-content\"><h3 class=\"elementor-image-box-title\">Lazer ve Di\u015feti Tedavileri<\/h3><\/div><\/div>\t\t\t\t<\/div>\n\t\t\t\t<\/div>\n\t\t\t\t<div class=\"elementor-element elementor-element-890c442 elementor-position-left elementor-vertical-align-middle elementor-widget-mobile__width-initial elementor-widget elementor-widget-image-box\" data-id=\"890c442\" data-element_type=\"widget\" data-widget_type=\"image-box.default\">\n\t\t\t\t<div class=\"elementor-widget-container\">\n\t\t\t\t\t<div class=\"elementor-image-box-wrapper\"><figure class=\"elementor-image-box-img\"><a href=\"https:\/\/guneydent.com\/tr\/gulus-tasarim\/\" tabindex=\"-1\"><img loading=\"lazy\" decoding=\"async\" width=\"160\" height=\"159\" src=\"https:\/\/guneydent.com\/wp-content\/uploads\/2022\/08\/smile.png\" class=\"attachment-full size-full wp-image-205\" alt=\"\" srcset=\"https:\/\/guneydent.com\/wp-content\/uploads\/2022\/08\/smile.png 160w, https:\/\/guneydent.com\/wp-content\/uploads\/2022\/08\/smile-150x150.png 150w, https:\/\/guneydent.com\/wp-content\/uploads\/2022\/08\/smile-100x100.png 100w, https:\/\/guneydent.com\/wp-content\/uploads\/2022\/08\/smile-140x140.png 140w\" sizes=\"(max-width: 160px) 100vw, 160px\" \/><\/a><\/figure><div class=\"elementor-image-box-content\"><h3 class=\"elementor-image-box-title\"><a href=\"https:\/\/guneydent.com\/tr\/gulus-tasarim\/\">G\u00fcl\u00fc\u015f Tasar\u0131m\u0131<\/a><\/h3><\/div><\/div>\t\t\t\t<\/div>\n\t\t\t\t<\/div>\n\t\t\t\t\t<\/div>\n\t\t<\/div>\n\t\t\t\t\t<\/div>\n\t\t<\/section>\n\t\t\t\t<\/div>\n\t\t","protected":false},"excerpt":{"rendered":"<p>Di\u015f \u00e7\u00fcr\u00fcklerinin te\u015fhis tedavisi ve pronozu ile ilgilidir. Di\u015fin a\u011f\u0131zda g\u00f6r\u00fcnen k\u0131sm\u0131na kuron, a\u011f\u0131zda g\u00f6r\u00fcnmeyen, kemik i\u00e7inde kalan k\u0131sm\u0131na da k\u00f6k ad\u0131 verilir. Di\u015fimiz birka\u00e7 tabakadan olu\u015fur. Kuron k\u0131sm\u0131n\u0131n en&#8230;<\/p>\n","protected":false},"author":1,"featured_media":0,"parent":0,"menu_order":0,"comment_status":"closed","ping_status":"closed","template":"elementor_header_footer","meta":{"footnotes":""},"class_list":["post-305","page","type-page","status-publish"],"lang":"tr","translations":{"en":529,"tr":305,"ar":890},"pll_sync_post":[],"_links":{"self":[{"href":"https:\/\/guneydent.com\/index.php?rest_route=\/wp\/v2\/pages\/305","targetHints":{"allow":["GET"]}}],"collection":[{"href":"https:\/\/guneydent.com\/index.php?rest_route=\/wp\/v2\/pages"}],"about":[{"href":"https:\/\/guneydent.com\/index.php?rest_route=\/wp\/v2\/types\/page"}],"author":[{"embeddable":true,"href":"https:\/\/guneydent.com\/index.php?rest_route=\/wp\/v2\/users\/1"}],"replies":[{"embeddable":true,"href":"https:\/\/guneydent.com\/index.php?rest_route=%2Fwp%2Fv2%2Fcomments&post=305"}],"version-history":[{"count":26,"href":"https:\/\/guneydent.com\/index.php?rest_route=\/wp\/v2\/pages\/305\/revisions"}],"predecessor-version":[{"id":1602,"href":"https:\/\/guneydent.com\/index.php?rest_route=\/wp\/v2\/pages\/305\/revisions\/1602"}],"wp:attachment":[{"href":"https:\/\/guneydent.com\/index.php?rest_route=%2Fwp%2Fv2%2Fmedia&parent=305"}],"curies":[{"name":"wp","href":"https:\/\/api.w.org\/{rel}","templated":true}]}}