{"id":286,"date":"2022-08-23T15:58:18","date_gmt":"2022-08-23T15:58:18","guid":{"rendered":"https:\/\/guneydent.com\/wp\/?page_id=286"},"modified":"2023-05-12T10:34:42","modified_gmt":"2023-05-12T10:34:42","slug":"ilk-muayene-ve-radyoloji","status":"publish","type":"page","link":"https:\/\/guneydent.com\/?page_id=286&lang=tr","title":{"rendered":"\u0130lk Muayene ve Radyoloji"},"content":{"rendered":"\t\t<div data-elementor-type=\"wp-page\" data-elementor-id=\"286\" class=\"elementor elementor-286\" data-elementor-post-type=\"page\">\n\t\t\t\t\t\t<section class=\"elementor-section elementor-top-section elementor-element elementor-element-d9081b4 elementor-section-full_width elementor-section-height-min-height elementor-section-height-default elementor-section-items-middle\" data-id=\"d9081b4\" data-element_type=\"section\" data-settings=\"{&quot;background_background&quot;:&quot;classic&quot;}\">\n\t\t\t\t\t\t<div class=\"elementor-container elementor-column-gap-default\">\n\t\t\t\t\t<div class=\"elementor-column elementor-col-100 elementor-top-column elementor-element elementor-element-c8deb91\" data-id=\"c8deb91\" data-element_type=\"column\">\n\t\t\t<div class=\"elementor-widget-wrap\">\n\t\t\t\t\t\t\t<\/div>\n\t\t<\/div>\n\t\t\t\t\t<\/div>\n\t\t<\/section>\n\t\t\t\t<section class=\"elementor-section elementor-top-section elementor-element elementor-element-4a286cf elementor-section-boxed elementor-section-height-default elementor-section-height-default\" data-id=\"4a286cf\" data-element_type=\"section\">\n\t\t\t\t\t\t<div class=\"elementor-container elementor-column-gap-default\">\n\t\t\t\t\t<div class=\"elementor-column elementor-col-100 elementor-top-column elementor-element elementor-element-3977782\" data-id=\"3977782\" data-element_type=\"column\" data-settings=\"{&quot;background_background&quot;:&quot;gradient&quot;}\">\n\t\t\t<div class=\"elementor-widget-wrap\">\n\t\t\t\t\t\t\t<\/div>\n\t\t<\/div>\n\t\t\t\t\t<\/div>\n\t\t<\/section>\n\t\t\t\t<section class=\"elementor-section elementor-top-section elementor-element elementor-element-2602c05 elementor-section-boxed elementor-section-height-default elementor-section-height-default\" data-id=\"2602c05\" data-element_type=\"section\">\n\t\t\t\t\t\t<div class=\"elementor-container elementor-column-gap-default\">\n\t\t\t\t\t<div class=\"elementor-column elementor-col-50 elementor-top-column elementor-element elementor-element-656b500\" data-id=\"656b500\" data-element_type=\"column\">\n\t\t\t<div class=\"elementor-widget-wrap elementor-element-populated\">\n\t\t\t\t\t\t<div class=\"elementor-element elementor-element-c2ffe50 elementor-widget elementor-widget-heading\" data-id=\"c2ffe50\" data-element_type=\"widget\" data-widget_type=\"heading.default\">\n\t\t\t\t<div class=\"elementor-widget-container\">\n\t\t\t\t\t<h2 class=\"elementor-heading-title elementor-size-default\">\u0130lk Muayene ve Radyoloji<\/h2>\t\t\t\t<\/div>\n\t\t\t\t<\/div>\n\t\t\t\t<div class=\"elementor-element elementor-element-8920319 elementor-widget elementor-widget-text-editor\" data-id=\"8920319\" data-element_type=\"widget\" data-widget_type=\"text-editor.default\">\n\t\t\t\t<div class=\"elementor-widget-container\">\n\t\t\t\t\t\t\t\t\t<p>Hastan\u0131n ilk olarak kar\u015f\u0131land\u0131\u011f\u0131, a\u011f\u0131z ve di\u015f sa\u011fl\u0131\u011f\u0131 problemlerinin te\u015fhis edildi\u011fi b\u00f6l\u00fcmd\u00fcr. Uzman doktorun, ileri teknolojik ekipman deste\u011fiyle yapt\u0131\u011f\u0131 ilk muayene sonras\u0131nda hasta, ilgili departmanlara y\u00f6nlendirilir. Oral diagnoz ihtiya\u00e7 dahilinde radyoloji y\u00f6ntemlerini kullanmaktad\u0131r,<\/p><p><br \/>-Panoramik Film<br \/>-Dental Volumetrik Tomografi<br \/>-Sefalometrik Film<br \/>-Periapikal Film<br \/>-Bite-Wing Filmi (Is\u0131rtma Radyografisi)<br \/>-El Bilek Radyografisi<br \/>-Okl\u00fczal Film<br \/>-Simplant Program\u0131 destekli Dental Vol\u00fcmetrik Tomografi<br \/>A\u011f\u0131z \u0130\u00e7i Kamera<\/p><p><br \/>A\u011f\u0131z i\u00e7i muayenede kullan\u0131lan kamera ile; di\u015f \u00e7\u00fcr\u00fcklerinden, dolgulara, k\u00f6pr\u00fc ve kuronlara kadar t\u00fcm di\u015fler detayl\u0131 olarak hasta ve hekim taraf\u0131ndan g\u00f6r\u00fclebilmektedir. Hasta ve hekimin ekran arac\u0131l\u0131\u011f\u0131 ile g\u00f6rd\u00fc\u011f\u00fc sistem sayesinde di\u015fler t\u00fcm detaylar\u0131 ile incelenerek te\u015fhis ve tedavi yap\u0131lmaktad\u0131r. Dijital Panoramik R\u00f6ntgen Panoramik r\u00f6ntgen t\u00fcm di\u015flerin ve \u00e7ene kemi\u011finin daha az \u0131\u015f\u0131n alarak birlikte g\u00f6r\u00fcnt\u00fclendi\u011fi bir r\u00f6ntgen \u00e7e\u015fididir. Di\u015flerin, kemik ve di\u015fetlerinin klinikte muayene ile g\u00f6r\u00fcnmeyen k\u0131s\u0131mlar\u0131n\u0131 g\u00f6stermeye yarar. Dijital sistemin kullan\u0131lmas\u0131 g\u00f6r\u00fcnt\u00fc kalitesini art\u0131rmakta ve ki\u015finin ald\u0131\u011f\u0131 radyasyon miktar\u0131n\u0131 belirgin \u015fekilde azaltmaktad\u0131r.<\/p>\t\t\t\t\t\t\t\t<\/div>\n\t\t\t\t<\/div>\n\t\t\t\t\t<\/div>\n\t\t<\/div>\n\t\t\t\t<div class=\"elementor-column elementor-col-50 elementor-top-column elementor-element elementor-element-9fca1df\" data-id=\"9fca1df\" data-element_type=\"column\">\n\t\t\t<div class=\"elementor-widget-wrap elementor-element-populated\">\n\t\t\t\t\t\t<div class=\"elementor-element elementor-element-e258f9a elementor-widget elementor-widget-image\" data-id=\"e258f9a\" data-element_type=\"widget\" data-widget_type=\"image.default\">\n\t\t\t\t<div class=\"elementor-widget-container\">\n\t\t\t\t\t\t\t\t\t\t\t\t\t\t\t<img decoding=\"async\" width=\"307\" height=\"146\" src=\"https:\/\/guneydent.com\/wp-content\/uploads\/2022\/08\/tedavi.png\" class=\"attachment-full size-full wp-image-36\" alt=\"\" srcset=\"https:\/\/guneydent.com\/wp-content\/uploads\/2022\/08\/tedavi.png 307w, https:\/\/guneydent.com\/wp-content\/uploads\/2022\/08\/tedavi-300x143.png 300w\" sizes=\"(max-width: 307px) 100vw, 307px\" \/>\t\t\t\t\t\t\t\t\t\t\t\t\t\t\t<\/div>\n\t\t\t\t<\/div>\n\t\t\t\t<div class=\"elementor-element elementor-element-428fd47 elementor-position-left elementor-vertical-align-middle elementor-widget-mobile__width-initial elementor-widget elementor-widget-image-box\" data-id=\"428fd47\" data-element_type=\"widget\" data-widget_type=\"image-box.default\">\n\t\t\t\t<div class=\"elementor-widget-container\">\n\t\t\t\t\t<div class=\"elementor-image-box-wrapper\"><figure class=\"elementor-image-box-img\"><a href=\"https:\/\/guneydent.com\/?page_id=271&#038;lang=tr\" tabindex=\"-1\"><img decoding=\"async\" width=\"160\" height=\"159\" src=\"https:\/\/guneydent.com\/wp-content\/uploads\/2022\/08\/037-tooth-whitening.png\" class=\"attachment-full size-full wp-image-34\" alt=\"\" srcset=\"https:\/\/guneydent.com\/wp-content\/uploads\/2022\/08\/037-tooth-whitening.png 160w, https:\/\/guneydent.com\/wp-content\/uploads\/2022\/08\/037-tooth-whitening-150x150.png 150w, https:\/\/guneydent.com\/wp-content\/uploads\/2022\/08\/037-tooth-whitening-100x100.png 100w, https:\/\/guneydent.com\/wp-content\/uploads\/2022\/08\/037-tooth-whitening-140x140.png 140w\" sizes=\"(max-width: 160px) 100vw, 160px\" \/><\/a><\/figure><div class=\"elementor-image-box-content\"><h3 class=\"elementor-image-box-title\"><a href=\"https:\/\/guneydent.com\/?page_id=271&#038;lang=tr\">Estekik Di\u015f Hekimli\u011fi<\/a><\/h3><\/div><\/div>\t\t\t\t<\/div>\n\t\t\t\t<\/div>\n\t\t\t\t<div class=\"elementor-element elementor-element-c22da6c elementor-position-left elementor-vertical-align-middle elementor-widget-mobile__width-initial elementor-widget elementor-widget-image-box\" data-id=\"c22da6c\" data-element_type=\"widget\" data-widget_type=\"image-box.default\">\n\t\t\t\t<div class=\"elementor-widget-container\">\n\t\t\t\t\t<div class=\"elementor-image-box-wrapper\"><figure class=\"elementor-image-box-img\"><a href=\"https:\/\/guneydent.com\/?page_id=286&#038;lang=tr\" tabindex=\"-1\"><img decoding=\"async\" width=\"159\" height=\"159\" src=\"https:\/\/guneydent.com\/wp-content\/uploads\/2022\/08\/034-healthy-tooth.png\" class=\"attachment-full size-full wp-image-33\" alt=\"\" srcset=\"https:\/\/guneydent.com\/wp-content\/uploads\/2022\/08\/034-healthy-tooth.png 159w, https:\/\/guneydent.com\/wp-content\/uploads\/2022\/08\/034-healthy-tooth-150x150.png 150w, https:\/\/guneydent.com\/wp-content\/uploads\/2022\/08\/034-healthy-tooth-100x100.png 100w, https:\/\/guneydent.com\/wp-content\/uploads\/2022\/08\/034-healthy-tooth-140x140.png 140w\" sizes=\"(max-width: 159px) 100vw, 159px\" \/><\/a><\/figure><div class=\"elementor-image-box-content\"><h3 class=\"elementor-image-box-title\"><a href=\"https:\/\/guneydent.com\/?page_id=286&#038;lang=tr\">\u0130lk Muayene ve Radyoloji<\/a><\/h3><\/div><\/div>\t\t\t\t<\/div>\n\t\t\t\t<\/div>\n\t\t\t\t<div class=\"elementor-element elementor-element-1782652 elementor-position-left elementor-vertical-align-middle elementor-widget-mobile__width-initial elementor-widget elementor-widget-image-box\" data-id=\"1782652\" data-element_type=\"widget\" data-widget_type=\"image-box.default\">\n\t\t\t\t<div class=\"elementor-widget-container\">\n\t\t\t\t\t<div class=\"elementor-image-box-wrapper\"><figure class=\"elementor-image-box-img\"><a href=\"https:\/\/guneydent.com\/?page_id=292&#038;lang=tr\" tabindex=\"-1\"><img loading=\"lazy\" decoding=\"async\" width=\"159\" height=\"159\" src=\"https:\/\/guneydent.com\/wp-content\/uploads\/2022\/08\/041-implant.png\" class=\"attachment-full size-full wp-image-35\" alt=\"\" srcset=\"https:\/\/guneydent.com\/wp-content\/uploads\/2022\/08\/041-implant.png 159w, https:\/\/guneydent.com\/wp-content\/uploads\/2022\/08\/041-implant-150x150.png 150w, https:\/\/guneydent.com\/wp-content\/uploads\/2022\/08\/041-implant-100x100.png 100w, https:\/\/guneydent.com\/wp-content\/uploads\/2022\/08\/041-implant-140x140.png 140w\" sizes=\"(max-width: 159px) 100vw, 159px\" \/><\/a><\/figure><div class=\"elementor-image-box-content\"><h3 class=\"elementor-image-box-title\"><a href=\"https:\/\/guneydent.com\/?page_id=292&#038;lang=tr\">Implantoloji<\/a><\/h3><\/div><\/div>\t\t\t\t<\/div>\n\t\t\t\t<\/div>\n\t\t\t\t<div class=\"elementor-element elementor-element-65b8276 elementor-position-left elementor-vertical-align-middle elementor-widget-mobile__width-initial elementor-widget elementor-widget-image-box\" data-id=\"65b8276\" data-element_type=\"widget\" data-widget_type=\"image-box.default\">\n\t\t\t\t<div class=\"elementor-widget-container\">\n\t\t\t\t\t<div class=\"elementor-image-box-wrapper\"><figure class=\"elementor-image-box-img\"><a href=\"https:\/\/guneydent.com\/?page_id=298&#038;lang=tr\" tabindex=\"-1\"><img loading=\"lazy\" decoding=\"async\" width=\"159\" height=\"159\" src=\"https:\/\/guneydent.com\/wp-content\/uploads\/2022\/08\/032-crown.png\" class=\"attachment-full size-full wp-image-32\" alt=\"\" srcset=\"https:\/\/guneydent.com\/wp-content\/uploads\/2022\/08\/032-crown.png 159w, https:\/\/guneydent.com\/wp-content\/uploads\/2022\/08\/032-crown-150x150.png 150w, https:\/\/guneydent.com\/wp-content\/uploads\/2022\/08\/032-crown-100x100.png 100w, https:\/\/guneydent.com\/wp-content\/uploads\/2022\/08\/032-crown-140x140.png 140w\" sizes=\"(max-width: 159px) 100vw, 159px\" \/><\/a><\/figure><div class=\"elementor-image-box-content\"><h3 class=\"elementor-image-box-title\"><a href=\"https:\/\/guneydent.com\/?page_id=298&#038;lang=tr\">Protetik Di\u015f Hekimli\u011fi<\/a><\/h3><\/div><\/div>\t\t\t\t<\/div>\n\t\t\t\t<\/div>\n\t\t\t\t<div class=\"elementor-element elementor-element-307cf48 elementor-position-left elementor-vertical-align-middle elementor-widget-mobile__width-initial elementor-widget elementor-widget-image-box\" data-id=\"307cf48\" data-element_type=\"widget\" data-widget_type=\"image-box.default\">\n\t\t\t\t<div class=\"elementor-widget-container\">\n\t\t\t\t\t<div class=\"elementor-image-box-wrapper\"><figure class=\"elementor-image-box-img\"><a href=\"https:\/\/guneydent.com\/?page_id=305&#038;lang=tr\" tabindex=\"-1\"><img loading=\"lazy\" decoding=\"async\" width=\"160\" height=\"159\" src=\"https:\/\/guneydent.com\/wp-content\/uploads\/2022\/08\/dis.png\" class=\"attachment-full size-full wp-image-198\" alt=\"\" srcset=\"https:\/\/guneydent.com\/wp-content\/uploads\/2022\/08\/dis.png 160w, https:\/\/guneydent.com\/wp-content\/uploads\/2022\/08\/dis-150x150.png 150w, https:\/\/guneydent.com\/wp-content\/uploads\/2022\/08\/dis-100x100.png 100w, https:\/\/guneydent.com\/wp-content\/uploads\/2022\/08\/dis-140x140.png 140w\" sizes=\"(max-width: 160px) 100vw, 160px\" \/><\/a><\/figure><div class=\"elementor-image-box-content\"><h3 class=\"elementor-image-box-title\"><a href=\"https:\/\/guneydent.com\/?page_id=305&#038;lang=tr\">Di\u015feti Hastal\u0131klar\u0131 <\/a><\/h3><\/div><\/div>\t\t\t\t<\/div>\n\t\t\t\t<\/div>\n\t\t\t\t<div class=\"elementor-element elementor-element-0b5424b elementor-position-left elementor-vertical-align-middle elementor-widget-mobile__width-initial elementor-widget elementor-widget-image-box\" data-id=\"0b5424b\" data-element_type=\"widget\" data-widget_type=\"image-box.default\">\n\t\t\t\t<div class=\"elementor-widget-container\">\n\t\t\t\t\t<div class=\"elementor-image-box-wrapper\"><figure class=\"elementor-image-box-img\"><a href=\"https:\/\/guneydent.com\/?page_id=315&#038;lang=tr\" tabindex=\"-1\"><img loading=\"lazy\" decoding=\"async\" width=\"160\" height=\"159\" src=\"https:\/\/guneydent.com\/wp-content\/uploads\/2022\/08\/agiz.png\" class=\"attachment-full size-full wp-image-199\" alt=\"\" srcset=\"https:\/\/guneydent.com\/wp-content\/uploads\/2022\/08\/agiz.png 160w, https:\/\/guneydent.com\/wp-content\/uploads\/2022\/08\/agiz-150x150.png 150w, https:\/\/guneydent.com\/wp-content\/uploads\/2022\/08\/agiz-100x100.png 100w, https:\/\/guneydent.com\/wp-content\/uploads\/2022\/08\/agiz-140x140.png 140w\" sizes=\"(max-width: 160px) 100vw, 160px\" \/><\/a><\/figure><div class=\"elementor-image-box-content\"><h3 class=\"elementor-image-box-title\"><a href=\"https:\/\/guneydent.com\/?page_id=315&#038;lang=tr\">A\u011f\u0131z ve \u00c7ene Cerrahisi<\/a><\/h3><\/div><\/div>\t\t\t\t<\/div>\n\t\t\t\t<\/div>\n\t\t\t\t<div class=\"elementor-element elementor-element-7832b08 elementor-position-left elementor-vertical-align-middle elementor-widget-mobile__width-initial elementor-widget elementor-widget-image-box\" data-id=\"7832b08\" data-element_type=\"widget\" data-widget_type=\"image-box.default\">\n\t\t\t\t<div class=\"elementor-widget-container\">\n\t\t\t\t\t<div class=\"elementor-image-box-wrapper\"><figure class=\"elementor-image-box-img\"><a href=\"https:\/\/guneydent.com\/?page_id=322&#038;lang=tr\" tabindex=\"-1\"><img loading=\"lazy\" decoding=\"async\" width=\"160\" height=\"159\" src=\"https:\/\/guneydent.com\/wp-content\/uploads\/2022\/08\/kanal.png\" class=\"attachment-full size-full wp-image-200\" alt=\"\" srcset=\"https:\/\/guneydent.com\/wp-content\/uploads\/2022\/08\/kanal.png 160w, https:\/\/guneydent.com\/wp-content\/uploads\/2022\/08\/kanal-150x150.png 150w, https:\/\/guneydent.com\/wp-content\/uploads\/2022\/08\/kanal-100x100.png 100w, https:\/\/guneydent.com\/wp-content\/uploads\/2022\/08\/kanal-140x140.png 140w\" sizes=\"(max-width: 160px) 100vw, 160px\" \/><\/a><\/figure><div class=\"elementor-image-box-content\"><h3 class=\"elementor-image-box-title\"><a href=\"https:\/\/guneydent.com\/?page_id=322&#038;lang=tr\">Endodonti<\/a><\/h3><\/div><\/div>\t\t\t\t<\/div>\n\t\t\t\t<\/div>\n\t\t\t\t<div class=\"elementor-element elementor-element-36a37e8 elementor-position-left elementor-vertical-align-middle elementor-widget-mobile__width-initial elementor-widget elementor-widget-image-box\" data-id=\"36a37e8\" data-element_type=\"widget\" data-widget_type=\"image-box.default\">\n\t\t\t\t<div class=\"elementor-widget-container\">\n\t\t\t\t\t<div class=\"elementor-image-box-wrapper\"><figure class=\"elementor-image-box-img\"><a href=\"https:\/\/guneydent.com\/?page_id=328&#038;lang=tr\" tabindex=\"-1\"><img loading=\"lazy\" decoding=\"async\" width=\"160\" height=\"159\" src=\"https:\/\/guneydent.com\/wp-content\/uploads\/2022\/08\/orto.png\" class=\"attachment-full size-full wp-image-202\" alt=\"\" srcset=\"https:\/\/guneydent.com\/wp-content\/uploads\/2022\/08\/orto.png 160w, https:\/\/guneydent.com\/wp-content\/uploads\/2022\/08\/orto-150x150.png 150w, https:\/\/guneydent.com\/wp-content\/uploads\/2022\/08\/orto-100x100.png 100w, https:\/\/guneydent.com\/wp-content\/uploads\/2022\/08\/orto-140x140.png 140w\" sizes=\"(max-width: 160px) 100vw, 160px\" \/><\/a><\/figure><div class=\"elementor-image-box-content\"><h3 class=\"elementor-image-box-title\"><a href=\"https:\/\/guneydent.com\/?page_id=328&#038;lang=tr\">Ortodonti<\/a><\/h3><\/div><\/div>\t\t\t\t<\/div>\n\t\t\t\t<\/div>\n\t\t\t\t<div class=\"elementor-element elementor-element-044bba9 elementor-position-left elementor-vertical-align-middle elementor-widget-mobile__width-initial elementor-widget elementor-widget-image-box\" data-id=\"044bba9\" data-element_type=\"widget\" data-widget_type=\"image-box.default\">\n\t\t\t\t<div class=\"elementor-widget-container\">\n\t\t\t\t\t<div class=\"elementor-image-box-wrapper\"><figure class=\"elementor-image-box-img\"><a href=\"https:\/\/guneydent.com\/?page_id=334&#038;lang=tr\" tabindex=\"-1\"><img loading=\"lazy\" decoding=\"async\" width=\"160\" height=\"159\" src=\"https:\/\/guneydent.com\/wp-content\/uploads\/2022\/08\/peri.png\" class=\"attachment-full size-full wp-image-203\" alt=\"\" srcset=\"https:\/\/guneydent.com\/wp-content\/uploads\/2022\/08\/peri.png 160w, https:\/\/guneydent.com\/wp-content\/uploads\/2022\/08\/peri-150x150.png 150w, https:\/\/guneydent.com\/wp-content\/uploads\/2022\/08\/peri-100x100.png 100w, https:\/\/guneydent.com\/wp-content\/uploads\/2022\/08\/peri-140x140.png 140w\" sizes=\"(max-width: 160px) 100vw, 160px\" \/><\/a><\/figure><div class=\"elementor-image-box-content\"><h3 class=\"elementor-image-box-title\"><a href=\"https:\/\/guneydent.com\/?page_id=334&#038;lang=tr\">Periodontoloji<\/a><\/h3><\/div><\/div>\t\t\t\t<\/div>\n\t\t\t\t<\/div>\n\t\t\t\t<div class=\"elementor-element elementor-element-2630f02 elementor-position-left elementor-vertical-align-middle elementor-widget-mobile__width-initial elementor-widget elementor-widget-image-box\" data-id=\"2630f02\" data-element_type=\"widget\" data-widget_type=\"image-box.default\">\n\t\t\t\t<div class=\"elementor-widget-container\">\n\t\t\t\t\t<div class=\"elementor-image-box-wrapper\"><figure class=\"elementor-image-box-img\"><img loading=\"lazy\" decoding=\"async\" width=\"160\" height=\"159\" src=\"https:\/\/guneydent.com\/wp-content\/uploads\/2022\/08\/seffaf.png\" class=\"attachment-full size-full wp-image-204\" alt=\"\" srcset=\"https:\/\/guneydent.com\/wp-content\/uploads\/2022\/08\/seffaf.png 160w, https:\/\/guneydent.com\/wp-content\/uploads\/2022\/08\/seffaf-150x150.png 150w, https:\/\/guneydent.com\/wp-content\/uploads\/2022\/08\/seffaf-100x100.png 100w, https:\/\/guneydent.com\/wp-content\/uploads\/2022\/08\/seffaf-140x140.png 140w\" sizes=\"(max-width: 160px) 100vw, 160px\" \/><\/figure><div class=\"elementor-image-box-content\"><h3 class=\"elementor-image-box-title\">\u015eeffaf Aparey<\/h3><\/div><\/div>\t\t\t\t<\/div>\n\t\t\t\t<\/div>\n\t\t\t\t<div class=\"elementor-element elementor-element-af80191 elementor-position-left elementor-vertical-align-middle elementor-widget-mobile__width-initial elementor-widget elementor-widget-image-box\" data-id=\"af80191\" data-element_type=\"widget\" data-widget_type=\"image-box.default\">\n\t\t\t\t<div class=\"elementor-widget-container\">\n\t\t\t\t\t<div class=\"elementor-image-box-wrapper\"><figure class=\"elementor-image-box-img\"><img loading=\"lazy\" decoding=\"async\" width=\"160\" height=\"159\" src=\"https:\/\/guneydent.com\/wp-content\/uploads\/2022\/08\/laser.png\" class=\"attachment-full size-full wp-image-201\" alt=\"\" srcset=\"https:\/\/guneydent.com\/wp-content\/uploads\/2022\/08\/laser.png 160w, https:\/\/guneydent.com\/wp-content\/uploads\/2022\/08\/laser-150x150.png 150w, https:\/\/guneydent.com\/wp-content\/uploads\/2022\/08\/laser-100x100.png 100w, https:\/\/guneydent.com\/wp-content\/uploads\/2022\/08\/laser-140x140.png 140w\" sizes=\"(max-width: 160px) 100vw, 160px\" \/><\/figure><div class=\"elementor-image-box-content\"><h3 class=\"elementor-image-box-title\">Lazer ve Di\u015feti Tedavileri<\/h3><\/div><\/div>\t\t\t\t<\/div>\n\t\t\t\t<\/div>\n\t\t\t\t<div class=\"elementor-element elementor-element-2e60b14 elementor-position-left elementor-vertical-align-middle elementor-widget-mobile__width-initial elementor-widget elementor-widget-image-box\" data-id=\"2e60b14\" data-element_type=\"widget\" data-widget_type=\"image-box.default\">\n\t\t\t\t<div class=\"elementor-widget-container\">\n\t\t\t\t\t<div class=\"elementor-image-box-wrapper\"><figure class=\"elementor-image-box-img\"><a href=\"https:\/\/guneydent.com\/tr\/gulus-tasarim\/\" tabindex=\"-1\"><img loading=\"lazy\" decoding=\"async\" width=\"160\" height=\"159\" src=\"https:\/\/guneydent.com\/wp-content\/uploads\/2022\/08\/smile.png\" class=\"attachment-full size-full wp-image-205\" alt=\"\" srcset=\"https:\/\/guneydent.com\/wp-content\/uploads\/2022\/08\/smile.png 160w, https:\/\/guneydent.com\/wp-content\/uploads\/2022\/08\/smile-150x150.png 150w, https:\/\/guneydent.com\/wp-content\/uploads\/2022\/08\/smile-100x100.png 100w, https:\/\/guneydent.com\/wp-content\/uploads\/2022\/08\/smile-140x140.png 140w\" sizes=\"(max-width: 160px) 100vw, 160px\" \/><\/a><\/figure><div class=\"elementor-image-box-content\"><h3 class=\"elementor-image-box-title\"><a href=\"https:\/\/guneydent.com\/tr\/gulus-tasarim\/\">G\u00fcl\u00fc\u015f Tasar\u0131m\u0131<\/a><\/h3><\/div><\/div>\t\t\t\t<\/div>\n\t\t\t\t<\/div>\n\t\t\t\t\t<\/div>\n\t\t<\/div>\n\t\t\t\t\t<\/div>\n\t\t<\/section>\n\t\t\t\t<\/div>\n\t\t","protected":false},"excerpt":{"rendered":"<p>Hastan\u0131n ilk olarak kar\u015f\u0131land\u0131\u011f\u0131, a\u011f\u0131z ve di\u015f sa\u011fl\u0131\u011f\u0131 problemlerinin te\u015fhis edildi\u011fi b\u00f6l\u00fcmd\u00fcr. Uzman doktorun, ileri teknolojik ekipman deste\u011fiyle yapt\u0131\u011f\u0131 ilk muayene sonras\u0131nda hasta, ilgili departmanlara y\u00f6nlendirilir. Oral diagnoz ihtiya\u00e7 dahilinde&#8230;<\/p>\n","protected":false},"author":1,"featured_media":0,"parent":0,"menu_order":0,"comment_status":"closed","ping_status":"closed","template":"elementor_header_footer","meta":{"footnotes":""},"class_list":["post-286","page","type-page","status-publish"],"lang":"tr","translations":{"en":545,"tr":286,"ar":861},"pll_sync_post":[],"_links":{"self":[{"href":"https:\/\/guneydent.com\/index.php?rest_route=\/wp\/v2\/pages\/286","targetHints":{"allow":["GET"]}}],"collection":[{"href":"https:\/\/guneydent.com\/index.php?rest_route=\/wp\/v2\/pages"}],"about":[{"href":"https:\/\/guneydent.com\/index.php?rest_route=\/wp\/v2\/types\/page"}],"author":[{"embeddable":true,"href":"https:\/\/guneydent.com\/index.php?rest_route=\/wp\/v2\/users\/1"}],"replies":[{"embeddable":true,"href":"https:\/\/guneydent.com\/index.php?rest_route=%2Fwp%2Fv2%2Fcomments&post=286"}],"version-history":[{"count":25,"href":"https:\/\/guneydent.com\/index.php?rest_route=\/wp\/v2\/pages\/286\/revisions"}],"predecessor-version":[{"id":1620,"href":"https:\/\/guneydent.com\/index.php?rest_route=\/wp\/v2\/pages\/286\/revisions\/1620"}],"wp:attachment":[{"href":"https:\/\/guneydent.com\/index.php?rest_route=%2Fwp%2Fv2%2Fmedia&parent=286"}],"curies":[{"name":"wp","href":"https:\/\/api.w.org\/{rel}","templated":true}]}}