{"id":122,"date":"2022-08-15T11:12:43","date_gmt":"2022-08-15T11:12:43","guid":{"rendered":"https:\/\/guneydent.com\/wp\/?page_id=122"},"modified":"2022-08-23T16:33:37","modified_gmt":"2022-08-23T16:33:37","slug":"blog","status":"publish","type":"page","link":"https:\/\/guneydent.com\/?page_id=122&lang=tr","title":{"rendered":"Blog"},"content":{"rendered":"\t\t<div data-elementor-type=\"wp-page\" data-elementor-id=\"122\" class=\"elementor elementor-122\" data-elementor-post-type=\"page\">\n\t\t\t\t\t\t<section class=\"elementor-section elementor-top-section elementor-element elementor-element-d761b12 elementor-section-height-min-height elementor-section-items-top elementor-section-boxed elementor-section-height-default\" data-id=\"d761b12\" data-element_type=\"section\">\n\t\t\t\t\t\t<div class=\"elementor-container elementor-column-gap-default\">\n\t\t\t\t\t<div class=\"elementor-column elementor-col-100 elementor-top-column elementor-element elementor-element-28ef4ce\" data-id=\"28ef4ce\" data-element_type=\"column\">\n\t\t\t<div class=\"elementor-widget-wrap elementor-element-populated\">\n\t\t\t\t\t\t<div class=\"elementor-element elementor-element-c368630 elementor-posts--align-center elementor-grid-4 elementor-grid-tablet-2 elementor-grid-mobile-1 elementor-posts--thumbnail-top elementor-card-shadow-yes elementor-posts__hover-gradient elementor-widget elementor-widget-posts\" data-id=\"c368630\" data-element_type=\"widget\" data-settings=\"{&quot;cards_columns&quot;:&quot;4&quot;,&quot;cards_columns_tablet&quot;:&quot;2&quot;,&quot;cards_columns_mobile&quot;:&quot;1&quot;,&quot;cards_row_gap&quot;:{&quot;unit&quot;:&quot;px&quot;,&quot;size&quot;:35,&quot;sizes&quot;:[]},&quot;cards_row_gap_tablet&quot;:{&quot;unit&quot;:&quot;px&quot;,&quot;size&quot;:&quot;&quot;,&quot;sizes&quot;:[]},&quot;cards_row_gap_mobile&quot;:{&quot;unit&quot;:&quot;px&quot;,&quot;size&quot;:&quot;&quot;,&quot;sizes&quot;:[]}}\" data-widget_type=\"posts.cards\">\n\t\t\t\t<div class=\"elementor-widget-container\">\n\t\t\t\t\t\t\t<div class=\"elementor-posts-container elementor-posts elementor-posts--skin-cards elementor-grid\">\n\t\t\t\t<article class=\"elementor-post elementor-grid-item post-460 post type-post status-publish format-standard has-post-thumbnail\">\n\t\t\t<div class=\"elementor-post__card\">\n\t\t\t\t<a class=\"elementor-post__thumbnail__link\" href=\"https:\/\/guneydent.com\/?p=460\" tabindex=\"-1\" ><div class=\"elementor-post__thumbnail\"><img fetchpriority=\"high\" decoding=\"async\" width=\"360\" height=\"252\" src=\"https:\/\/guneydent.com\/wp-content\/uploads\/2022\/08\/hamilelik-doneminde-disler.jpg\" class=\"attachment-full size-full wp-image-380\" alt=\"\" srcset=\"https:\/\/guneydent.com\/wp-content\/uploads\/2022\/08\/hamilelik-doneminde-disler.jpg 360w, https:\/\/guneydent.com\/wp-content\/uploads\/2022\/08\/hamilelik-doneminde-disler-300x210.jpg 300w\" sizes=\"(max-width: 360px) 100vw, 360px\" \/><\/div><\/a>\n\t\t\t\t<div class=\"elementor-post__text\">\n\t\t\t\t<h3 class=\"elementor-post__title\">\n\t\t\t<a href=\"https:\/\/guneydent.com\/?p=460\" >\n\t\t\t\tHamilelik D\u00f6neminde Di\u015fler\t\t\t<\/a>\n\t\t<\/h3>\n\t\t\t\t<div class=\"elementor-post__excerpt\">\n\t\t\t\t\t<\/div>\n\t\t\n\t\t<a class=\"elementor-post__read-more\" href=\"https:\/\/guneydent.com\/?p=460\" aria-label=\"Read more about Hamilelik D\u00f6neminde Di\u015fler\" tabindex=\"-1\" >\n\t\t\tDevam\u0131n\u0131 Oku\t\t<\/a>\n\n\t\t\t\t<\/div>\n\t\t\t\t\t<\/div>\n\t\t<\/article>\n\t\t\t\t<article class=\"elementor-post elementor-grid-item post-458 post type-post status-publish format-standard has-post-thumbnail\">\n\t\t\t<div class=\"elementor-post__card\">\n\t\t\t\t<a class=\"elementor-post__thumbnail__link\" href=\"https:\/\/guneydent.com\/?p=458\" tabindex=\"-1\" ><div class=\"elementor-post__thumbnail\"><img decoding=\"async\" width=\"360\" height=\"252\" src=\"https:\/\/guneydent.com\/wp-content\/uploads\/2022\/08\/1bruksizm.jpg\" class=\"attachment-full size-full wp-image-390\" alt=\"\" srcset=\"https:\/\/guneydent.com\/wp-content\/uploads\/2022\/08\/1bruksizm.jpg 360w, https:\/\/guneydent.com\/wp-content\/uploads\/2022\/08\/1bruksizm-300x210.jpg 300w\" sizes=\"(max-width: 360px) 100vw, 360px\" \/><\/div><\/a>\n\t\t\t\t<div class=\"elementor-post__text\">\n\t\t\t\t<h3 class=\"elementor-post__title\">\n\t\t\t<a href=\"https:\/\/guneydent.com\/?p=458\" >\n\t\t\t\tBruksizm Rahats\u0131zl\u0131\u011f\u0131 Olan Hastalarda Estetik Di\u015f Tedavileri Nas\u0131l Yap\u0131l\u0131r?\t\t\t<\/a>\n\t\t<\/h3>\n\t\t\t\t<div class=\"elementor-post__excerpt\">\n\t\t\t\t\t<\/div>\n\t\t\n\t\t<a class=\"elementor-post__read-more\" href=\"https:\/\/guneydent.com\/?p=458\" aria-label=\"Read more about Bruksizm Rahats\u0131zl\u0131\u011f\u0131 Olan Hastalarda Estetik Di\u015f Tedavileri Nas\u0131l Yap\u0131l\u0131r?\" tabindex=\"-1\" >\n\t\t\tDevam\u0131n\u0131 Oku\t\t<\/a>\n\n\t\t\t\t<\/div>\n\t\t\t\t\t<\/div>\n\t\t<\/article>\n\t\t\t\t<article class=\"elementor-post elementor-grid-item post-455 post type-post status-publish format-standard has-post-thumbnail\">\n\t\t\t<div class=\"elementor-post__card\">\n\t\t\t\t<a class=\"elementor-post__thumbnail__link\" href=\"https:\/\/guneydent.com\/?p=455\" tabindex=\"-1\" ><div class=\"elementor-post__thumbnail\"><img decoding=\"async\" width=\"360\" height=\"252\" src=\"https:\/\/guneydent.com\/wp-content\/uploads\/2022\/08\/gulus_estetigi.jpg\" class=\"attachment-full size-full wp-image-399\" alt=\"\" srcset=\"https:\/\/guneydent.com\/wp-content\/uploads\/2022\/08\/gulus_estetigi.jpg 360w, https:\/\/guneydent.com\/wp-content\/uploads\/2022\/08\/gulus_estetigi-300x210.jpg 300w\" sizes=\"(max-width: 360px) 100vw, 360px\" \/><\/div><\/a>\n\t\t\t\t<div class=\"elementor-post__text\">\n\t\t\t\t<h3 class=\"elementor-post__title\">\n\t\t\t<a href=\"https:\/\/guneydent.com\/?p=455\" >\n\t\t\t\tFast &#038; Fixed tedavisinin en b\u00fcy\u00fck avantaj\u0131: Zaman\t\t\t<\/a>\n\t\t<\/h3>\n\t\t\t\t<div class=\"elementor-post__excerpt\">\n\t\t\t\t\t<\/div>\n\t\t\n\t\t<a class=\"elementor-post__read-more\" href=\"https:\/\/guneydent.com\/?p=455\" aria-label=\"Read more about Fast &#038; Fixed tedavisinin en b\u00fcy\u00fck avantaj\u0131: Zaman\" tabindex=\"-1\" >\n\t\t\tDevam\u0131n\u0131 Oku\t\t<\/a>\n\n\t\t\t\t<\/div>\n\t\t\t\t\t<\/div>\n\t\t<\/article>\n\t\t\t\t<article class=\"elementor-post elementor-grid-item post-450 post type-post status-publish format-standard has-post-thumbnail\">\n\t\t\t<div class=\"elementor-post__card\">\n\t\t\t\t<a class=\"elementor-post__thumbnail__link\" href=\"https:\/\/guneydent.com\/?p=450\" tabindex=\"-1\" ><div class=\"elementor-post__thumbnail\"><img loading=\"lazy\" decoding=\"async\" width=\"360\" height=\"252\" src=\"https:\/\/guneydent.com\/wp-content\/uploads\/2022\/08\/implantoloji1.jpg\" class=\"attachment-full size-full wp-image-402\" alt=\"\" srcset=\"https:\/\/guneydent.com\/wp-content\/uploads\/2022\/08\/implantoloji1.jpg 360w, https:\/\/guneydent.com\/wp-content\/uploads\/2022\/08\/implantoloji1-300x210.jpg 300w\" sizes=\"(max-width: 360px) 100vw, 360px\" \/><\/div><\/a>\n\t\t\t\t<div class=\"elementor-post__text\">\n\t\t\t\t<h3 class=\"elementor-post__title\">\n\t\t\t<a href=\"https:\/\/guneydent.com\/?p=450\" >\n\t\t\t\tSigara Kullan\u0131m\u0131 \u0130mplant Yap\u0131lmas\u0131na Engel midir?\t\t\t<\/a>\n\t\t<\/h3>\n\t\t\t\t<div class=\"elementor-post__excerpt\">\n\t\t\t\t\t<\/div>\n\t\t\n\t\t<a class=\"elementor-post__read-more\" href=\"https:\/\/guneydent.com\/?p=450\" aria-label=\"Read more about Sigara Kullan\u0131m\u0131 \u0130mplant Yap\u0131lmas\u0131na Engel midir?\" tabindex=\"-1\" >\n\t\t\tDevam\u0131n\u0131 Oku\t\t<\/a>\n\n\t\t\t\t<\/div>\n\t\t\t\t\t<\/div>\n\t\t<\/article>\n\t\t\t\t<article class=\"elementor-post elementor-grid-item post-401 post type-post status-publish format-standard has-post-thumbnail category-uncategorized\">\n\t\t\t<div class=\"elementor-post__card\">\n\t\t\t\t<a class=\"elementor-post__thumbnail__link\" href=\"https:\/\/guneydent.com\/?p=401&#038;lang=tr\" tabindex=\"-1\" ><div class=\"elementor-post__thumbnail\"><img loading=\"lazy\" decoding=\"async\" width=\"360\" height=\"252\" src=\"https:\/\/guneydent.com\/wp-content\/uploads\/2022\/08\/implantoloji1.jpg\" class=\"attachment-full size-full wp-image-402\" alt=\"\" srcset=\"https:\/\/guneydent.com\/wp-content\/uploads\/2022\/08\/implantoloji1.jpg 360w, https:\/\/guneydent.com\/wp-content\/uploads\/2022\/08\/implantoloji1-300x210.jpg 300w\" sizes=\"(max-width: 360px) 100vw, 360px\" \/><\/div><\/a>\n\t\t\t\t<div class=\"elementor-post__text\">\n\t\t\t\t<h3 class=\"elementor-post__title\">\n\t\t\t<a href=\"https:\/\/guneydent.com\/?p=401&amp;lang=tr\" >\n\t\t\t\tSigara Kullan\u0131m\u0131 \u0130mplant Yap\u0131lmas\u0131na Engel midir?\t\t\t<\/a>\n\t\t<\/h3>\n\t\t\t\t<div class=\"elementor-post__excerpt\">\n\t\t\t<p>Sigara i\u00e7mek olduk\u00e7a sa\u011fl\u0131ks\u0131z bir al\u0131\u015fkanl\u0131k olsa da g\u00fcn\u00fcm\u00fczde pek \u00e7ok insan bu ba\u011f\u0131ml\u0131l\u0131k y\u00fcz\u00fcnden sorunlar ya\u015famaktad\u0131r. Ki\u015finin hayat\u0131n\u0131 olumsuz y\u00f6nde etkileyen sigara kullan\u0131m\u0131, di\u015f tedavilerinde de olumsuz sonu\u00e7lar\u0131n ortaya<\/p>\n\t\t<\/div>\n\t\t\n\t\t<a class=\"elementor-post__read-more\" href=\"https:\/\/guneydent.com\/?p=401&#038;lang=tr\" aria-label=\"Read more about Sigara Kullan\u0131m\u0131 \u0130mplant Yap\u0131lmas\u0131na Engel midir?\" tabindex=\"-1\" >\n\t\t\tDevam\u0131n\u0131 Oku\t\t<\/a>\n\n\t\t\t\t<\/div>\n\t\t\t\t\t<\/div>\n\t\t<\/article>\n\t\t\t\t<article class=\"elementor-post elementor-grid-item post-398 post type-post status-publish format-standard has-post-thumbnail category-uncategorized\">\n\t\t\t<div class=\"elementor-post__card\">\n\t\t\t\t<a class=\"elementor-post__thumbnail__link\" href=\"https:\/\/guneydent.com\/?p=398&#038;lang=tr\" tabindex=\"-1\" ><div class=\"elementor-post__thumbnail\"><img decoding=\"async\" width=\"360\" height=\"252\" src=\"https:\/\/guneydent.com\/wp-content\/uploads\/2022\/08\/gulus_estetigi.jpg\" class=\"attachment-full size-full wp-image-399\" alt=\"\" srcset=\"https:\/\/guneydent.com\/wp-content\/uploads\/2022\/08\/gulus_estetigi.jpg 360w, https:\/\/guneydent.com\/wp-content\/uploads\/2022\/08\/gulus_estetigi-300x210.jpg 300w\" sizes=\"(max-width: 360px) 100vw, 360px\" \/><\/div><\/a>\n\t\t\t\t<div class=\"elementor-post__text\">\n\t\t\t\t<h3 class=\"elementor-post__title\">\n\t\t\t<a href=\"https:\/\/guneydent.com\/?p=398&amp;lang=tr\" >\n\t\t\t\tFast &#038; Fixed tedavisinin en b\u00fcy\u00fck avantaj\u0131: Zaman\t\t\t<\/a>\n\t\t<\/h3>\n\t\t\t\t<div class=\"elementor-post__excerpt\">\n\t\t\t<p>Beklenmeyen di\u015f kay\u0131plar\u0131 sonras\u0131nda implant s\u00fcrecinde eksik di\u015fle ya\u015famak istemeyenler i\u00e7in etkili bir \u00e7\u00f6z\u00fcm sunan Fast &amp; Fixed y\u00f6ntemi ile saatler i\u00e7erisinde eksik di\u015flerinizin tamamlanmas\u0131n\u0131 sa\u011flayabilirsiniz. Yenilik\u00e7i ve avantajl\u0131 y\u00f6ntemlerden<\/p>\n\t\t<\/div>\n\t\t\n\t\t<a class=\"elementor-post__read-more\" href=\"https:\/\/guneydent.com\/?p=398&#038;lang=tr\" aria-label=\"Read more about Fast &#038; Fixed tedavisinin en b\u00fcy\u00fck avantaj\u0131: Zaman\" tabindex=\"-1\" >\n\t\t\tDevam\u0131n\u0131 Oku\t\t<\/a>\n\n\t\t\t\t<\/div>\n\t\t\t\t\t<\/div>\n\t\t<\/article>\n\t\t\t\t<article class=\"elementor-post elementor-grid-item post-389 post type-post status-publish format-standard has-post-thumbnail category-uncategorized\">\n\t\t\t<div class=\"elementor-post__card\">\n\t\t\t\t<a class=\"elementor-post__thumbnail__link\" href=\"https:\/\/guneydent.com\/?p=389&#038;lang=tr\" tabindex=\"-1\" ><div class=\"elementor-post__thumbnail\"><img decoding=\"async\" width=\"360\" height=\"252\" src=\"https:\/\/guneydent.com\/wp-content\/uploads\/2022\/08\/1bruksizm.jpg\" class=\"attachment-full size-full wp-image-390\" alt=\"\" srcset=\"https:\/\/guneydent.com\/wp-content\/uploads\/2022\/08\/1bruksizm.jpg 360w, https:\/\/guneydent.com\/wp-content\/uploads\/2022\/08\/1bruksizm-300x210.jpg 300w\" sizes=\"(max-width: 360px) 100vw, 360px\" \/><\/div><\/a>\n\t\t\t\t<div class=\"elementor-post__text\">\n\t\t\t\t<h3 class=\"elementor-post__title\">\n\t\t\t<a href=\"https:\/\/guneydent.com\/?p=389&amp;lang=tr\" >\n\t\t\t\tBruksizm Rahats\u0131zl\u0131\u011f\u0131 Olan Hastalarda Estetik Di\u015f Tedavileri Nas\u0131l Yap\u0131l\u0131r?\t\t\t<\/a>\n\t\t<\/h3>\n\t\t\t\t<div class=\"elementor-post__excerpt\">\n\t\t\t<p>Bruksizm (Di\u015f G\u0131c\u0131rdatma ve s\u0131kma), genellikle uyku s\u0131ras\u0131nda ger\u00e7ekele\u015fen di\u015flerin istem d\u0131\u015f\u0131 ve g\u00fc\u00e7l\u00fc bir \u015fekilde s\u0131k\u0131larak yap\u0131lan bir harekettir.Di\u015fler bu hareketle ya birbiri \u00fczerinde kayma hareketi yapar yada alt<\/p>\n\t\t<\/div>\n\t\t\n\t\t<a class=\"elementor-post__read-more\" href=\"https:\/\/guneydent.com\/?p=389&#038;lang=tr\" aria-label=\"Read more about Bruksizm Rahats\u0131zl\u0131\u011f\u0131 Olan Hastalarda Estetik Di\u015f Tedavileri Nas\u0131l Yap\u0131l\u0131r?\" tabindex=\"-1\" >\n\t\t\tDevam\u0131n\u0131 Oku\t\t<\/a>\n\n\t\t\t\t<\/div>\n\t\t\t\t\t<\/div>\n\t\t<\/article>\n\t\t\t\t<article class=\"elementor-post elementor-grid-item post-379 post type-post status-publish format-standard has-post-thumbnail category-uncategorized\">\n\t\t\t<div class=\"elementor-post__card\">\n\t\t\t\t<a class=\"elementor-post__thumbnail__link\" href=\"https:\/\/guneydent.com\/?p=379&#038;lang=tr\" tabindex=\"-1\" ><div class=\"elementor-post__thumbnail\"><img fetchpriority=\"high\" decoding=\"async\" width=\"360\" height=\"252\" src=\"https:\/\/guneydent.com\/wp-content\/uploads\/2022\/08\/hamilelik-doneminde-disler.jpg\" class=\"attachment-full size-full wp-image-380\" alt=\"\" srcset=\"https:\/\/guneydent.com\/wp-content\/uploads\/2022\/08\/hamilelik-doneminde-disler.jpg 360w, https:\/\/guneydent.com\/wp-content\/uploads\/2022\/08\/hamilelik-doneminde-disler-300x210.jpg 300w\" sizes=\"(max-width: 360px) 100vw, 360px\" \/><\/div><\/a>\n\t\t\t\t<div class=\"elementor-post__text\">\n\t\t\t\t<h3 class=\"elementor-post__title\">\n\t\t\t<a href=\"https:\/\/guneydent.com\/?p=379&amp;lang=tr\" >\n\t\t\t\tHamilelik D\u00f6neminde Di\u015fler\t\t\t<\/a>\n\t\t<\/h3>\n\t\t\t\t<div class=\"elementor-post__excerpt\">\n\t\t\t<p>Di\u015f Hekimi Zuhal Oygur, \u201cHamilelik d\u00f6neminde kad\u0131nlar\u0131n mutlaka di\u015f kayb\u0131 ya\u015fayaca\u011f\u0131na dair bir inan\u00e7 vard\u0131r. Ancak bu inan\u00e7 bilimsel veriler ile desteklenmemektedir. Hamilelik esnas\u0131nda bebe\u011fin ihtiyac\u0131 olan kalsiyumu annenin di\u015flerinden<\/p>\n\t\t<\/div>\n\t\t\n\t\t<a class=\"elementor-post__read-more\" href=\"https:\/\/guneydent.com\/?p=379&#038;lang=tr\" aria-label=\"Read more about Hamilelik D\u00f6neminde Di\u015fler\" tabindex=\"-1\" >\n\t\t\tDevam\u0131n\u0131 Oku\t\t<\/a>\n\n\t\t\t\t<\/div>\n\t\t\t\t\t<\/div>\n\t\t<\/article>\n\t\t\t\t<\/div>\n\t\t\n\t\t\t\t\t\t<\/div>\n\t\t\t\t<\/div>\n\t\t\t\t\t<\/div>\n\t\t<\/div>\n\t\t\t\t\t<\/div>\n\t\t<\/section>\n\t\t\t\t<\/div>\n\t\t","protected":false},"excerpt":{"rendered":"","protected":false},"author":1,"featured_media":0,"parent":0,"menu_order":0,"comment_status":"closed","ping_status":"closed","template":"elementor_header_footer","meta":{"footnotes":""},"class_list":["post-122","page","type-page","status-publish"],"lang":"tr","translations":{"en":512,"tr":122,"ar":946},"pll_sync_post":[],"_links":{"self":[{"href":"https:\/\/guneydent.com\/index.php?rest_route=\/wp\/v2\/pages\/122","targetHints":{"allow":["GET"]}}],"collection":[{"href":"https:\/\/guneydent.com\/index.php?rest_route=\/wp\/v2\/pages"}],"about":[{"href":"https:\/\/guneydent.com\/index.php?rest_route=\/wp\/v2\/types\/page"}],"author":[{"embeddable":true,"href":"https:\/\/guneydent.com\/index.php?rest_route=\/wp\/v2\/users\/1"}],"replies":[{"embeddable":true,"href":"https:\/\/guneydent.com\/index.php?rest_route=%2Fwp%2Fv2%2Fcomments&post=122"}],"version-history":[{"count":10,"href":"https:\/\/guneydent.com\/index.php?rest_route=\/wp\/v2\/pages\/122\/revisions"}],"predecessor-version":[{"id":406,"href":"https:\/\/guneydent.com\/index.php?rest_route=\/wp\/v2\/pages\/122\/revisions\/406"}],"wp:attachment":[{"href":"https:\/\/guneydent.com\/index.php?rest_route=%2Fwp%2Fv2%2Fmedia&parent=122"}],"curies":[{"name":"wp","href":"https:\/\/api.w.org\/{rel}","templated":true}]}}